{"id":2995,"date":"2025-02-12T16:24:00","date_gmt":"2025-02-12T16:24:00","guid":{"rendered":"https:\/\/nicolaspasqual.fr\/?post_type=product&#038;p=2995"},"modified":"2025-04-08T16:27:43","modified_gmt":"2025-04-08T16:27:43","slug":"meditation-live-developper-la-confiance-en-soi","status":"publish","type":"product","link":"https:\/\/nicolaspasqual.fr\/index.php\/produit\/meditation-live-developper-la-confiance-en-soi\/","title":{"rendered":"M\u00e9ditation Live DEPLOYER VOTRE SAINE CONFIANCE avec Nicolas PASQUAL"},"content":{"rendered":"<p>La <strong>pratique r\u00e9guli\u00e8re<\/strong> de cette m\u00e9ditation peut vous aider \u00e0 d\u00e9velopper et d\u00e9ployer davantage de confiance en vous.<\/p>\n<p>Plus vous apprendrez \u00e0 l\u00e2cher prise et plus vous ressentirez de nouvelles \u00e9nergies positives se lib\u00e9rer en vous.<\/p>\n<div class=\"\" data-block=\"true\" data-editor=\"8f3vk\" data-offset-key=\"cajvr-0-0\">\n<div class=\"public-DraftStyleDefault-block public-DraftStyleDefault-ltr\" data-offset-key=\"cajvr-0-0\"><span data-offset-key=\"cajvr-0-0\">Merveilleuse m\u00e9ditation \u00e0 vous !<\/span><\/div>\n<\/div>\n<div class=\"\" data-block=\"true\" data-editor=\"8f3vk\" data-offset-key=\"93sg1-0-0\"><\/div>\n<p>Nicolas PASQUAL<\/p>\n<p><strong>Epig\u00e9n\u00e9tique du Bien-Etre et Alignement int\u00e9rieur<\/strong><\/p>\n<p><a href=\"https:\/\/nicolaspasqual.fr\">https:\/\/nicolaspasqual.fr<\/a><\/p>\n<p><a href=\"https:\/\/nicolaspasqual.systeme.io\/84370591\">s\u2019inscrire \u00e0 la newsletter<\/a><\/p>\n<p><strong><a href=\"https:\/\/g.co\/kgs\/mmjs5nB\">Avis google\u00a0https:\/\/g.co\/kgs\/mmjs5nB<\/a><\/strong><\/p>\n","protected":false},"excerpt":{"rendered":"<p>M\u00e9ditation LIVE : La <strong>pratique<\/strong> <strong>r\u00e9guli\u00e8re<\/strong> de cette m\u00e9ditation guid\u00e9e peut vous aider \u00e0 ressentir + de CONFIANCE en vous et de CONFIANCE en la VIE.<\/p>\n<p>avec Dr Nicolas PASQUAL<\/p>\n<p>Merveilleuses m\u00e9ditations \u00e0 vous !<\/p>\n<p><img loading=\"lazy\" decoding=\"async\" class=\"alignnone size-medium wp-image-2996\" src=\"https:\/\/nicolaspasqual.fr\/wp-content\/uploads\/2025\/02\/confiance-escalade-soleil-300x150.jpg\" alt=\"\" width=\"300\" height=\"150\" \/><\/p>\n","protected":false},"featured_media":2997,"template":"","meta":{"_et_pb_use_builder":"","_et_pb_old_content":"","_et_gb_content_width":""},"product_brand":[],"product_cat":[44],"product_tag":[],"class_list":{"0":"post-2995","1":"product","2":"type-product","3":"status-publish","4":"has-post-thumbnail","6":"product_cat-meditations-guidees","8":"first","9":"instock","10":"downloadable","11":"virtual","12":"purchasable","13":"product-type-simple"},"yoast_head":"<!-- This site is optimized with the Yoast SEO plugin v27.3 - https:\/\/yoast.com\/product\/yoast-seo-wordpress\/ -->\n<title>M\u00e9ditation Live DEPLOYER VOTRE SAINE CONFIANCE avec Nicolas PASQUAL - Nicolas Pasqual<\/title>\n<meta name=\"description\" content=\"M\u00e9ditation LIVE : m\u00e9ditation d\u00e9velopper et d\u00e9ployer la Confiance en soi et la confiance en la Vie, avec Dr Nicolas PASQUAL\" \/>\n<meta name=\"robots\" content=\"index, follow, max-snippet:-1, max-image-preview:large, max-video-preview:-1\" \/>\n<link rel=\"canonical\" href=\"https:\/\/nicolaspasqual.fr\/index.php\/produit\/meditation-live-developper-la-confiance-en-soi\/\" \/>\n<meta property=\"og:locale\" content=\"fr_FR\" \/>\n<meta property=\"og:type\" content=\"article\" \/>\n<meta property=\"og:title\" content=\"M\u00e9ditation Live DEPLOYER VOTRE SAINE CONFIANCE avec Nicolas PASQUAL - Nicolas Pasqual\" \/>\n<meta property=\"og:description\" content=\"M\u00e9ditation LIVE : m\u00e9ditation d\u00e9velopper et d\u00e9ployer la Confiance en soi et la confiance en la Vie, avec Dr Nicolas PASQUAL\" \/>\n<meta property=\"og:url\" content=\"https:\/\/nicolaspasqual.fr\/index.php\/produit\/meditation-live-developper-la-confiance-en-soi\/\" \/>\n<meta property=\"og:site_name\" content=\"Nicolas Pasqual\" \/>\n<meta property=\"article:modified_time\" content=\"2025-04-08T16:27:43+00:00\" \/>\n<meta property=\"og:image\" content=\"https:\/\/nicolaspasqual.fr\/wp-content\/uploads\/2025\/02\/respiration-nature.jpg\" \/>\n\t<meta property=\"og:image:width\" content=\"2000\" \/>\n\t<meta property=\"og:image:height\" content=\"1333\" \/>\n\t<meta property=\"og:image:type\" content=\"image\/jpeg\" \/>\n<meta name=\"twitter:card\" content=\"summary_large_image\" \/>\n<meta name=\"twitter:label1\" content=\"Dur\u00e9e de lecture estim\u00e9e\" \/>\n\t<meta name=\"twitter:data1\" content=\"1 minute\" \/>\n<script type=\"application\/ld+json\" class=\"yoast-schema-graph\">{\"@context\":\"https:\\\/\\\/schema.org\",\"@graph\":[{\"@type\":\"WebPage\",\"@id\":\"https:\\\/\\\/nicolaspasqual.fr\\\/index.php\\\/produit\\\/meditation-live-developper-la-confiance-en-soi\\\/\",\"url\":\"https:\\\/\\\/nicolaspasqual.fr\\\/index.php\\\/produit\\\/meditation-live-developper-la-confiance-en-soi\\\/\",\"name\":\"M\u00e9ditation Live DEPLOYER VOTRE SAINE CONFIANCE avec Nicolas PASQUAL - Nicolas Pasqual\",\"isPartOf\":{\"@id\":\"https:\\\/\\\/nicolaspasqual.fr\\\/#website\"},\"primaryImageOfPage\":{\"@id\":\"https:\\\/\\\/nicolaspasqual.fr\\\/index.php\\\/produit\\\/meditation-live-developper-la-confiance-en-soi\\\/#primaryimage\"},\"image\":{\"@id\":\"https:\\\/\\\/nicolaspasqual.fr\\\/index.php\\\/produit\\\/meditation-live-developper-la-confiance-en-soi\\\/#primaryimage\"},\"thumbnailUrl\":\"https:\\\/\\\/nicolaspasqual.fr\\\/wp-content\\\/uploads\\\/2025\\\/02\\\/respiration-nature.jpg\",\"datePublished\":\"2025-02-12T16:24:00+00:00\",\"dateModified\":\"2025-04-08T16:27:43+00:00\",\"description\":\"M\u00e9ditation LIVE : m\u00e9ditation d\u00e9velopper et d\u00e9ployer la Confiance en soi et la confiance en la Vie, avec Dr Nicolas PASQUAL\",\"breadcrumb\":{\"@id\":\"https:\\\/\\\/nicolaspasqual.fr\\\/index.php\\\/produit\\\/meditation-live-developper-la-confiance-en-soi\\\/#breadcrumb\"},\"inLanguage\":\"fr-FR\",\"potentialAction\":[{\"@type\":\"ReadAction\",\"target\":[\"https:\\\/\\\/nicolaspasqual.fr\\\/index.php\\\/produit\\\/meditation-live-developper-la-confiance-en-soi\\\/\"]}]},{\"@type\":\"ImageObject\",\"inLanguage\":\"fr-FR\",\"@id\":\"https:\\\/\\\/nicolaspasqual.fr\\\/index.php\\\/produit\\\/meditation-live-developper-la-confiance-en-soi\\\/#primaryimage\",\"url\":\"https:\\\/\\\/nicolaspasqual.fr\\\/wp-content\\\/uploads\\\/2025\\\/02\\\/respiration-nature.jpg\",\"contentUrl\":\"https:\\\/\\\/nicolaspasqual.fr\\\/wp-content\\\/uploads\\\/2025\\\/02\\\/respiration-nature.jpg\",\"width\":2000,\"height\":1333,\"caption\":\"cheering young woman hiker open arms at sunrise mountain peak\"},{\"@type\":\"BreadcrumbList\",\"@id\":\"https:\\\/\\\/nicolaspasqual.fr\\\/index.php\\\/produit\\\/meditation-live-developper-la-confiance-en-soi\\\/#breadcrumb\",\"itemListElement\":[{\"@type\":\"ListItem\",\"position\":1,\"name\":\"Accueil\",\"item\":\"https:\\\/\\\/nicolaspasqual.fr\\\/\"},{\"@type\":\"ListItem\",\"position\":2,\"name\":\"Boutique M\u00e9ditations \u00e9pig\u00e9n\u00e9tique Bien-\u00eatre\",\"item\":\"https:\\\/\\\/nicolaspasqual.fr\\\/index.php\\\/boutique-meditation-bien-etre-anti-stress-transition-confiance-amour\\\/\"},{\"@type\":\"ListItem\",\"position\":3,\"name\":\"M\u00e9ditation Live DEPLOYER VOTRE SAINE CONFIANCE avec Nicolas PASQUAL\"}]},{\"@type\":\"WebSite\",\"@id\":\"https:\\\/\\\/nicolaspasqual.fr\\\/#website\",\"url\":\"https:\\\/\\\/nicolaspasqual.fr\\\/\",\"name\":\"Nicolas Pasqual\",\"description\":\"Vie int\u00e9grative\",\"publisher\":{\"@id\":\"https:\\\/\\\/nicolaspasqual.fr\\\/#organization\"},\"potentialAction\":[{\"@type\":\"SearchAction\",\"target\":{\"@type\":\"EntryPoint\",\"urlTemplate\":\"https:\\\/\\\/nicolaspasqual.fr\\\/?s={search_term_string}\"},\"query-input\":{\"@type\":\"PropertyValueSpecification\",\"valueRequired\":true,\"valueName\":\"search_term_string\"}}],\"inLanguage\":\"fr-FR\"},{\"@type\":\"Organization\",\"@id\":\"https:\\\/\\\/nicolaspasqual.fr\\\/#organization\",\"name\":\"Nicolas Pasqual\",\"url\":\"https:\\\/\\\/nicolaspasqual.fr\\\/\",\"logo\":{\"@type\":\"ImageObject\",\"inLanguage\":\"fr-FR\",\"@id\":\"https:\\\/\\\/nicolaspasqual.fr\\\/#\\\/schema\\\/logo\\\/image\\\/\",\"url\":\"https:\\\/\\\/nicolaspasqual.fr\\\/wp-content\\\/uploads\\\/2022\\\/07\\\/cropped-logo-seul-512px.jpg\",\"contentUrl\":\"https:\\\/\\\/nicolaspasqual.fr\\\/wp-content\\\/uploads\\\/2022\\\/07\\\/cropped-logo-seul-512px.jpg\",\"width\":512,\"height\":512,\"caption\":\"Nicolas Pasqual\"},\"image\":{\"@id\":\"https:\\\/\\\/nicolaspasqual.fr\\\/#\\\/schema\\\/logo\\\/image\\\/\"}}]}<\/script>\n<!-- \/ Yoast SEO plugin. -->","yoast_head_json":{"title":"M\u00e9ditation Live DEPLOYER VOTRE SAINE CONFIANCE avec Nicolas PASQUAL - Nicolas Pasqual","description":"M\u00e9ditation LIVE : m\u00e9ditation d\u00e9velopper et d\u00e9ployer la Confiance en soi et la confiance en la Vie, avec Dr Nicolas PASQUAL","robots":{"index":"index","follow":"follow","max-snippet":"max-snippet:-1","max-image-preview":"max-image-preview:large","max-video-preview":"max-video-preview:-1"},"canonical":"https:\/\/nicolaspasqual.fr\/index.php\/produit\/meditation-live-developper-la-confiance-en-soi\/","og_locale":"fr_FR","og_type":"article","og_title":"M\u00e9ditation Live DEPLOYER VOTRE SAINE CONFIANCE avec Nicolas PASQUAL - Nicolas Pasqual","og_description":"M\u00e9ditation LIVE : m\u00e9ditation d\u00e9velopper et d\u00e9ployer la Confiance en soi et la confiance en la Vie, avec Dr Nicolas PASQUAL","og_url":"https:\/\/nicolaspasqual.fr\/index.php\/produit\/meditation-live-developper-la-confiance-en-soi\/","og_site_name":"Nicolas Pasqual","article_modified_time":"2025-04-08T16:27:43+00:00","og_image":[{"width":2000,"height":1333,"url":"https:\/\/nicolaspasqual.fr\/wp-content\/uploads\/2025\/02\/respiration-nature.jpg","type":"image\/jpeg"}],"twitter_card":"summary_large_image","twitter_misc":{"Dur\u00e9e de lecture estim\u00e9e":"1 minute"},"schema":{"@context":"https:\/\/schema.org","@graph":[{"@type":"WebPage","@id":"https:\/\/nicolaspasqual.fr\/index.php\/produit\/meditation-live-developper-la-confiance-en-soi\/","url":"https:\/\/nicolaspasqual.fr\/index.php\/produit\/meditation-live-developper-la-confiance-en-soi\/","name":"M\u00e9ditation Live DEPLOYER VOTRE SAINE CONFIANCE avec Nicolas PASQUAL - Nicolas Pasqual","isPartOf":{"@id":"https:\/\/nicolaspasqual.fr\/#website"},"primaryImageOfPage":{"@id":"https:\/\/nicolaspasqual.fr\/index.php\/produit\/meditation-live-developper-la-confiance-en-soi\/#primaryimage"},"image":{"@id":"https:\/\/nicolaspasqual.fr\/index.php\/produit\/meditation-live-developper-la-confiance-en-soi\/#primaryimage"},"thumbnailUrl":"https:\/\/nicolaspasqual.fr\/wp-content\/uploads\/2025\/02\/respiration-nature.jpg","datePublished":"2025-02-12T16:24:00+00:00","dateModified":"2025-04-08T16:27:43+00:00","description":"M\u00e9ditation LIVE : m\u00e9ditation d\u00e9velopper et d\u00e9ployer la Confiance en soi et la confiance en la Vie, avec Dr Nicolas PASQUAL","breadcrumb":{"@id":"https:\/\/nicolaspasqual.fr\/index.php\/produit\/meditation-live-developper-la-confiance-en-soi\/#breadcrumb"},"inLanguage":"fr-FR","potentialAction":[{"@type":"ReadAction","target":["https:\/\/nicolaspasqual.fr\/index.php\/produit\/meditation-live-developper-la-confiance-en-soi\/"]}]},{"@type":"ImageObject","inLanguage":"fr-FR","@id":"https:\/\/nicolaspasqual.fr\/index.php\/produit\/meditation-live-developper-la-confiance-en-soi\/#primaryimage","url":"https:\/\/nicolaspasqual.fr\/wp-content\/uploads\/2025\/02\/respiration-nature.jpg","contentUrl":"https:\/\/nicolaspasqual.fr\/wp-content\/uploads\/2025\/02\/respiration-nature.jpg","width":2000,"height":1333,"caption":"cheering young woman hiker open arms at sunrise mountain peak"},{"@type":"BreadcrumbList","@id":"https:\/\/nicolaspasqual.fr\/index.php\/produit\/meditation-live-developper-la-confiance-en-soi\/#breadcrumb","itemListElement":[{"@type":"ListItem","position":1,"name":"Accueil","item":"https:\/\/nicolaspasqual.fr\/"},{"@type":"ListItem","position":2,"name":"Boutique M\u00e9ditations \u00e9pig\u00e9n\u00e9tique Bien-\u00eatre","item":"https:\/\/nicolaspasqual.fr\/index.php\/boutique-meditation-bien-etre-anti-stress-transition-confiance-amour\/"},{"@type":"ListItem","position":3,"name":"M\u00e9ditation Live DEPLOYER VOTRE SAINE CONFIANCE avec Nicolas PASQUAL"}]},{"@type":"WebSite","@id":"https:\/\/nicolaspasqual.fr\/#website","url":"https:\/\/nicolaspasqual.fr\/","name":"Nicolas Pasqual","description":"Vie int\u00e9grative","publisher":{"@id":"https:\/\/nicolaspasqual.fr\/#organization"},"potentialAction":[{"@type":"SearchAction","target":{"@type":"EntryPoint","urlTemplate":"https:\/\/nicolaspasqual.fr\/?s={search_term_string}"},"query-input":{"@type":"PropertyValueSpecification","valueRequired":true,"valueName":"search_term_string"}}],"inLanguage":"fr-FR"},{"@type":"Organization","@id":"https:\/\/nicolaspasqual.fr\/#organization","name":"Nicolas Pasqual","url":"https:\/\/nicolaspasqual.fr\/","logo":{"@type":"ImageObject","inLanguage":"fr-FR","@id":"https:\/\/nicolaspasqual.fr\/#\/schema\/logo\/image\/","url":"https:\/\/nicolaspasqual.fr\/wp-content\/uploads\/2022\/07\/cropped-logo-seul-512px.jpg","contentUrl":"https:\/\/nicolaspasqual.fr\/wp-content\/uploads\/2022\/07\/cropped-logo-seul-512px.jpg","width":512,"height":512,"caption":"Nicolas Pasqual"},"image":{"@id":"https:\/\/nicolaspasqual.fr\/#\/schema\/logo\/image\/"}}]}},"jetpack_sharing_enabled":true,"_links":{"self":[{"href":"https:\/\/nicolaspasqual.fr\/index.php\/wp-json\/wp\/v2\/product\/2995","targetHints":{"allow":["GET"]}}],"collection":[{"href":"https:\/\/nicolaspasqual.fr\/index.php\/wp-json\/wp\/v2\/product"}],"about":[{"href":"https:\/\/nicolaspasqual.fr\/index.php\/wp-json\/wp\/v2\/types\/product"}],"wp:featuredmedia":[{"embeddable":true,"href":"https:\/\/nicolaspasqual.fr\/index.php\/wp-json\/wp\/v2\/media\/2997"}],"wp:attachment":[{"href":"https:\/\/nicolaspasqual.fr\/index.php\/wp-json\/wp\/v2\/media?parent=2995"}],"wp:term":[{"taxonomy":"product_brand","embeddable":true,"href":"https:\/\/nicolaspasqual.fr\/index.php\/wp-json\/wp\/v2\/product_brand?post=2995"},{"taxonomy":"product_cat","embeddable":true,"href":"https:\/\/nicolaspasqual.fr\/index.php\/wp-json\/wp\/v2\/product_cat?post=2995"},{"taxonomy":"product_tag","embeddable":true,"href":"https:\/\/nicolaspasqual.fr\/index.php\/wp-json\/wp\/v2\/product_tag?post=2995"}],"curies":[{"name":"wp","href":"https:\/\/api.w.org\/{rel}","templated":true}]}}