{"id":2989,"date":"2025-02-12T14:30:27","date_gmt":"2025-02-12T14:30:27","guid":{"rendered":"https:\/\/nicolaspasqual.fr\/?post_type=product&#038;p=2989"},"modified":"2025-04-08T16:27:55","modified_gmt":"2025-04-08T16:27:55","slug":"meditation-respiration-nettoyage-energetique-glande-pineale","status":"publish","type":"product","link":"https:\/\/nicolaspasqual.fr\/index.php\/produit\/meditation-respiration-nettoyage-energetique-glande-pineale\/","title":{"rendered":"M\u00e9ditation Live RESPIRATION NETTOYAGE ENERGETIQUE PROFOND, glande pin\u00e9ale et ALIGNEMENT int\u00e9rieur avec Nicolas PASQUAL"},"content":{"rendered":"<p>il est n\u00e9cessaire et tr\u00e8s judicieux de <strong>nettoyer nos \u00e9nergies us\u00e9es<\/strong> <strong>et n\u00e9gatives<\/strong> avant de faire le plein d&rsquo;\u00e9nergies positives<\/p>\n<p>La pratique r\u00e9guli\u00e8re de cette m\u00e9ditation peut vous aider \u00e0 <strong>vous relaxer et vous recharger en profondeur<\/strong>.<\/p>\n<p>Plus vous apprendrez \u00e0 l\u00e2cher prise et plus vous ressentirez de <strong>nouvelles \u00e9nergies positives<\/strong> revenir en vous.<\/p>\n<div class=\"\" data-block=\"true\" data-editor=\"8f3vk\" data-offset-key=\"cajvr-0-0\">\n<div class=\"public-DraftStyleDefault-block public-DraftStyleDefault-ltr\" data-offset-key=\"cajvr-0-0\"><span data-offset-key=\"cajvr-0-0\">Merveilleuse m\u00e9ditation \u00e0 vous !<\/span><\/div>\n<\/div>\n<div class=\"\" data-block=\"true\" data-editor=\"8f3vk\" data-offset-key=\"93sg1-0-0\"><\/div>\n<p>Nicolas PASQUAL<\/p>\n<p><a href=\"https:\/\/nicolaspasqual.fr\">https:\/\/nicolaspasqual.fr<\/a><\/p>\n<p><a href=\"https:\/\/nicolaspasqual.systeme.io\/84370591\">s\u2019inscrire \u00e0 la newsletter<\/a><\/p>\n<p><strong><a href=\"https:\/\/g.co\/kgs\/mmjs5nB\">Avis google\u00a0https:\/\/g.co\/kgs\/mmjs5nB<\/a><\/strong><\/p>\n","protected":false},"excerpt":{"rendered":"<p>M\u00e9ditation <strong>LIVE<\/strong> : Respiration et nettoyage \u00e9nerg\u00e9tique profonde. Alignement et <strong>harmonisation des chakras et de la glande pin\u00e9ale<\/strong>, accompagn\u00e9e avec Dr Nicolas PASQUAL<\/p>\n<p>Il est n\u00e9cessaire et tr\u00e8s judicieux de m\u00e9diter et nettoyer nos \u00e9nergies us\u00e9es et n\u00e9gatives avant de faire le plein d&rsquo;\u00e9nergies positives et de vous recharger en Qi v\u00e9ritable et l\u00e9ger.<\/p>\n<p>Merveilleuses m\u00e9ditations \u00e0 vous !<\/p>\n<p><img loading=\"lazy\" decoding=\"async\" class=\"alignnone size-medium wp-image-993\" src=\"https:\/\/nicolaspasqual.fr\/wp-content\/uploads\/2022\/08\/me\u0301ditation-4-e\u0301le\u0301ments-300x200.jpg\" alt=\"\" width=\"300\" height=\"200\" srcset=\"https:\/\/nicolaspasqual.fr\/wp-content\/uploads\/2022\/08\/me\u0301ditation-4-e\u0301le\u0301ments-300x200.jpg 300w, https:\/\/nicolaspasqual.fr\/wp-content\/uploads\/2022\/08\/me\u0301ditation-4-e\u0301le\u0301ments-600x400.jpg 600w, https:\/\/nicolaspasqual.fr\/wp-content\/uploads\/2022\/08\/me\u0301ditation-4-e\u0301le\u0301ments-480x320.jpg 480w, https:\/\/nicolaspasqual.fr\/wp-content\/uploads\/2022\/08\/me\u0301ditation-4-e\u0301le\u0301ments.jpg 768w\" sizes=\"(max-width: 300px) 100vw, 300px\" \/><\/p>\n","protected":false},"featured_media":2990,"template":"","meta":{"_et_pb_use_builder":"","_et_pb_old_content":"","_et_gb_content_width":""},"product_brand":[51],"product_cat":[44],"product_tag":[],"class_list":{"0":"post-2989","1":"product","2":"type-product","3":"status-publish","4":"has-post-thumbnail","6":"product_brand-epigenetique-du-bien-etre","7":"product_cat-meditations-guidees","9":"first","10":"instock","11":"downloadable","12":"virtual","13":"purchasable","14":"product-type-simple"},"yoast_head":"<!-- This site is optimized with the Yoast SEO plugin v27.3 - https:\/\/yoast.com\/product\/yoast-seo-wordpress\/ -->\n<title>M\u00e9ditation Live RESPIRATION NETTOYAGE ENERGETIQUE PROFOND, glande pin\u00e9ale et ALIGNEMENT int\u00e9rieur avec Nicolas PASQUAL - Nicolas Pasqual<\/title>\n<meta name=\"description\" content=\"M\u00e9ditation LIVE RESPIRATION NETTOYAGE ENERGETIQUE et ALIGNEMENT int\u00e9rieur, glande pin\u00e9ale \u00e9nergies positives avec Nicolas PASQUAL\" \/>\n<meta name=\"robots\" content=\"index, follow, max-snippet:-1, max-image-preview:large, max-video-preview:-1\" \/>\n<link rel=\"canonical\" href=\"https:\/\/nicolaspasqual.fr\/index.php\/produit\/meditation-respiration-nettoyage-energetique-glande-pineale\/\" \/>\n<meta property=\"og:locale\" content=\"fr_FR\" \/>\n<meta property=\"og:type\" content=\"article\" \/>\n<meta property=\"og:title\" content=\"M\u00e9ditation Live RESPIRATION NETTOYAGE ENERGETIQUE PROFOND, glande pin\u00e9ale et ALIGNEMENT int\u00e9rieur avec Nicolas PASQUAL - Nicolas Pasqual\" \/>\n<meta property=\"og:description\" content=\"M\u00e9ditation LIVE RESPIRATION NETTOYAGE ENERGETIQUE et ALIGNEMENT int\u00e9rieur, glande pin\u00e9ale \u00e9nergies positives avec Nicolas PASQUAL\" \/>\n<meta property=\"og:url\" content=\"https:\/\/nicolaspasqual.fr\/index.php\/produit\/meditation-respiration-nettoyage-energetique-glande-pineale\/\" \/>\n<meta property=\"og:site_name\" content=\"Nicolas Pasqual\" \/>\n<meta property=\"article:modified_time\" content=\"2025-04-08T16:27:55+00:00\" \/>\n<meta property=\"og:image\" content=\"https:\/\/nicolaspasqual.fr\/wp-content\/uploads\/2025\/02\/femme-joie.png\" \/>\n\t<meta property=\"og:image:width\" content=\"1000\" \/>\n\t<meta property=\"og:image:height\" content=\"667\" \/>\n\t<meta property=\"og:image:type\" content=\"image\/png\" \/>\n<meta name=\"twitter:card\" content=\"summary_large_image\" \/>\n<meta name=\"twitter:label1\" content=\"Dur\u00e9e de lecture estim\u00e9e\" \/>\n\t<meta name=\"twitter:data1\" content=\"1 minute\" \/>\n<script type=\"application\/ld+json\" class=\"yoast-schema-graph\">{\"@context\":\"https:\\\/\\\/schema.org\",\"@graph\":[{\"@type\":\"WebPage\",\"@id\":\"https:\\\/\\\/nicolaspasqual.fr\\\/index.php\\\/produit\\\/meditation-respiration-nettoyage-energetique-glande-pineale\\\/\",\"url\":\"https:\\\/\\\/nicolaspasqual.fr\\\/index.php\\\/produit\\\/meditation-respiration-nettoyage-energetique-glande-pineale\\\/\",\"name\":\"M\u00e9ditation Live RESPIRATION NETTOYAGE ENERGETIQUE PROFOND, glande pin\u00e9ale et ALIGNEMENT int\u00e9rieur avec Nicolas PASQUAL - Nicolas Pasqual\",\"isPartOf\":{\"@id\":\"https:\\\/\\\/nicolaspasqual.fr\\\/#website\"},\"primaryImageOfPage\":{\"@id\":\"https:\\\/\\\/nicolaspasqual.fr\\\/index.php\\\/produit\\\/meditation-respiration-nettoyage-energetique-glande-pineale\\\/#primaryimage\"},\"image\":{\"@id\":\"https:\\\/\\\/nicolaspasqual.fr\\\/index.php\\\/produit\\\/meditation-respiration-nettoyage-energetique-glande-pineale\\\/#primaryimage\"},\"thumbnailUrl\":\"https:\\\/\\\/nicolaspasqual.fr\\\/wp-content\\\/uploads\\\/2025\\\/02\\\/femme-joie.png\",\"datePublished\":\"2025-02-12T14:30:27+00:00\",\"dateModified\":\"2025-04-08T16:27:55+00:00\",\"description\":\"M\u00e9ditation LIVE RESPIRATION NETTOYAGE ENERGETIQUE et ALIGNEMENT int\u00e9rieur, glande pin\u00e9ale \u00e9nergies positives avec Nicolas PASQUAL\",\"breadcrumb\":{\"@id\":\"https:\\\/\\\/nicolaspasqual.fr\\\/index.php\\\/produit\\\/meditation-respiration-nettoyage-energetique-glande-pineale\\\/#breadcrumb\"},\"inLanguage\":\"fr-FR\",\"potentialAction\":[{\"@type\":\"ReadAction\",\"target\":[\"https:\\\/\\\/nicolaspasqual.fr\\\/index.php\\\/produit\\\/meditation-respiration-nettoyage-energetique-glande-pineale\\\/\"]}]},{\"@type\":\"ImageObject\",\"inLanguage\":\"fr-FR\",\"@id\":\"https:\\\/\\\/nicolaspasqual.fr\\\/index.php\\\/produit\\\/meditation-respiration-nettoyage-energetique-glande-pineale\\\/#primaryimage\",\"url\":\"https:\\\/\\\/nicolaspasqual.fr\\\/wp-content\\\/uploads\\\/2025\\\/02\\\/femme-joie.png\",\"contentUrl\":\"https:\\\/\\\/nicolaspasqual.fr\\\/wp-content\\\/uploads\\\/2025\\\/02\\\/femme-joie.png\",\"width\":1000,\"height\":667},{\"@type\":\"BreadcrumbList\",\"@id\":\"https:\\\/\\\/nicolaspasqual.fr\\\/index.php\\\/produit\\\/meditation-respiration-nettoyage-energetique-glande-pineale\\\/#breadcrumb\",\"itemListElement\":[{\"@type\":\"ListItem\",\"position\":1,\"name\":\"Accueil\",\"item\":\"https:\\\/\\\/nicolaspasqual.fr\\\/\"},{\"@type\":\"ListItem\",\"position\":2,\"name\":\"Boutique M\u00e9ditations \u00e9pig\u00e9n\u00e9tique Bien-\u00eatre\",\"item\":\"https:\\\/\\\/nicolaspasqual.fr\\\/index.php\\\/boutique-meditation-bien-etre-anti-stress-transition-confiance-amour\\\/\"},{\"@type\":\"ListItem\",\"position\":3,\"name\":\"M\u00e9ditation Live RESPIRATION NETTOYAGE ENERGETIQUE PROFOND, glande pin\u00e9ale et ALIGNEMENT int\u00e9rieur avec Nicolas PASQUAL\"}]},{\"@type\":\"WebSite\",\"@id\":\"https:\\\/\\\/nicolaspasqual.fr\\\/#website\",\"url\":\"https:\\\/\\\/nicolaspasqual.fr\\\/\",\"name\":\"Nicolas Pasqual\",\"description\":\"Vie int\u00e9grative\",\"publisher\":{\"@id\":\"https:\\\/\\\/nicolaspasqual.fr\\\/#organization\"},\"potentialAction\":[{\"@type\":\"SearchAction\",\"target\":{\"@type\":\"EntryPoint\",\"urlTemplate\":\"https:\\\/\\\/nicolaspasqual.fr\\\/?s={search_term_string}\"},\"query-input\":{\"@type\":\"PropertyValueSpecification\",\"valueRequired\":true,\"valueName\":\"search_term_string\"}}],\"inLanguage\":\"fr-FR\"},{\"@type\":\"Organization\",\"@id\":\"https:\\\/\\\/nicolaspasqual.fr\\\/#organization\",\"name\":\"Nicolas Pasqual\",\"url\":\"https:\\\/\\\/nicolaspasqual.fr\\\/\",\"logo\":{\"@type\":\"ImageObject\",\"inLanguage\":\"fr-FR\",\"@id\":\"https:\\\/\\\/nicolaspasqual.fr\\\/#\\\/schema\\\/logo\\\/image\\\/\",\"url\":\"https:\\\/\\\/nicolaspasqual.fr\\\/wp-content\\\/uploads\\\/2022\\\/07\\\/cropped-logo-seul-512px.jpg\",\"contentUrl\":\"https:\\\/\\\/nicolaspasqual.fr\\\/wp-content\\\/uploads\\\/2022\\\/07\\\/cropped-logo-seul-512px.jpg\",\"width\":512,\"height\":512,\"caption\":\"Nicolas Pasqual\"},\"image\":{\"@id\":\"https:\\\/\\\/nicolaspasqual.fr\\\/#\\\/schema\\\/logo\\\/image\\\/\"}}]}<\/script>\n<!-- \/ Yoast SEO plugin. -->","yoast_head_json":{"title":"M\u00e9ditation Live RESPIRATION NETTOYAGE ENERGETIQUE PROFOND, glande pin\u00e9ale et ALIGNEMENT int\u00e9rieur avec Nicolas PASQUAL - Nicolas Pasqual","description":"M\u00e9ditation LIVE RESPIRATION NETTOYAGE ENERGETIQUE et ALIGNEMENT int\u00e9rieur, glande pin\u00e9ale \u00e9nergies positives avec Nicolas PASQUAL","robots":{"index":"index","follow":"follow","max-snippet":"max-snippet:-1","max-image-preview":"max-image-preview:large","max-video-preview":"max-video-preview:-1"},"canonical":"https:\/\/nicolaspasqual.fr\/index.php\/produit\/meditation-respiration-nettoyage-energetique-glande-pineale\/","og_locale":"fr_FR","og_type":"article","og_title":"M\u00e9ditation Live RESPIRATION NETTOYAGE ENERGETIQUE PROFOND, glande pin\u00e9ale et ALIGNEMENT int\u00e9rieur avec Nicolas PASQUAL - Nicolas Pasqual","og_description":"M\u00e9ditation LIVE RESPIRATION NETTOYAGE ENERGETIQUE et ALIGNEMENT int\u00e9rieur, glande pin\u00e9ale \u00e9nergies positives avec Nicolas PASQUAL","og_url":"https:\/\/nicolaspasqual.fr\/index.php\/produit\/meditation-respiration-nettoyage-energetique-glande-pineale\/","og_site_name":"Nicolas Pasqual","article_modified_time":"2025-04-08T16:27:55+00:00","og_image":[{"width":1000,"height":667,"url":"https:\/\/nicolaspasqual.fr\/wp-content\/uploads\/2025\/02\/femme-joie.png","type":"image\/png"}],"twitter_card":"summary_large_image","twitter_misc":{"Dur\u00e9e de lecture estim\u00e9e":"1 minute"},"schema":{"@context":"https:\/\/schema.org","@graph":[{"@type":"WebPage","@id":"https:\/\/nicolaspasqual.fr\/index.php\/produit\/meditation-respiration-nettoyage-energetique-glande-pineale\/","url":"https:\/\/nicolaspasqual.fr\/index.php\/produit\/meditation-respiration-nettoyage-energetique-glande-pineale\/","name":"M\u00e9ditation Live RESPIRATION NETTOYAGE ENERGETIQUE PROFOND, glande pin\u00e9ale et ALIGNEMENT int\u00e9rieur avec Nicolas PASQUAL - Nicolas Pasqual","isPartOf":{"@id":"https:\/\/nicolaspasqual.fr\/#website"},"primaryImageOfPage":{"@id":"https:\/\/nicolaspasqual.fr\/index.php\/produit\/meditation-respiration-nettoyage-energetique-glande-pineale\/#primaryimage"},"image":{"@id":"https:\/\/nicolaspasqual.fr\/index.php\/produit\/meditation-respiration-nettoyage-energetique-glande-pineale\/#primaryimage"},"thumbnailUrl":"https:\/\/nicolaspasqual.fr\/wp-content\/uploads\/2025\/02\/femme-joie.png","datePublished":"2025-02-12T14:30:27+00:00","dateModified":"2025-04-08T16:27:55+00:00","description":"M\u00e9ditation LIVE RESPIRATION NETTOYAGE ENERGETIQUE et ALIGNEMENT int\u00e9rieur, glande pin\u00e9ale \u00e9nergies positives avec Nicolas PASQUAL","breadcrumb":{"@id":"https:\/\/nicolaspasqual.fr\/index.php\/produit\/meditation-respiration-nettoyage-energetique-glande-pineale\/#breadcrumb"},"inLanguage":"fr-FR","potentialAction":[{"@type":"ReadAction","target":["https:\/\/nicolaspasqual.fr\/index.php\/produit\/meditation-respiration-nettoyage-energetique-glande-pineale\/"]}]},{"@type":"ImageObject","inLanguage":"fr-FR","@id":"https:\/\/nicolaspasqual.fr\/index.php\/produit\/meditation-respiration-nettoyage-energetique-glande-pineale\/#primaryimage","url":"https:\/\/nicolaspasqual.fr\/wp-content\/uploads\/2025\/02\/femme-joie.png","contentUrl":"https:\/\/nicolaspasqual.fr\/wp-content\/uploads\/2025\/02\/femme-joie.png","width":1000,"height":667},{"@type":"BreadcrumbList","@id":"https:\/\/nicolaspasqual.fr\/index.php\/produit\/meditation-respiration-nettoyage-energetique-glande-pineale\/#breadcrumb","itemListElement":[{"@type":"ListItem","position":1,"name":"Accueil","item":"https:\/\/nicolaspasqual.fr\/"},{"@type":"ListItem","position":2,"name":"Boutique M\u00e9ditations \u00e9pig\u00e9n\u00e9tique Bien-\u00eatre","item":"https:\/\/nicolaspasqual.fr\/index.php\/boutique-meditation-bien-etre-anti-stress-transition-confiance-amour\/"},{"@type":"ListItem","position":3,"name":"M\u00e9ditation Live RESPIRATION NETTOYAGE ENERGETIQUE PROFOND, glande pin\u00e9ale et ALIGNEMENT int\u00e9rieur avec Nicolas PASQUAL"}]},{"@type":"WebSite","@id":"https:\/\/nicolaspasqual.fr\/#website","url":"https:\/\/nicolaspasqual.fr\/","name":"Nicolas Pasqual","description":"Vie int\u00e9grative","publisher":{"@id":"https:\/\/nicolaspasqual.fr\/#organization"},"potentialAction":[{"@type":"SearchAction","target":{"@type":"EntryPoint","urlTemplate":"https:\/\/nicolaspasqual.fr\/?s={search_term_string}"},"query-input":{"@type":"PropertyValueSpecification","valueRequired":true,"valueName":"search_term_string"}}],"inLanguage":"fr-FR"},{"@type":"Organization","@id":"https:\/\/nicolaspasqual.fr\/#organization","name":"Nicolas Pasqual","url":"https:\/\/nicolaspasqual.fr\/","logo":{"@type":"ImageObject","inLanguage":"fr-FR","@id":"https:\/\/nicolaspasqual.fr\/#\/schema\/logo\/image\/","url":"https:\/\/nicolaspasqual.fr\/wp-content\/uploads\/2022\/07\/cropped-logo-seul-512px.jpg","contentUrl":"https:\/\/nicolaspasqual.fr\/wp-content\/uploads\/2022\/07\/cropped-logo-seul-512px.jpg","width":512,"height":512,"caption":"Nicolas Pasqual"},"image":{"@id":"https:\/\/nicolaspasqual.fr\/#\/schema\/logo\/image\/"}}]}},"jetpack_sharing_enabled":true,"_links":{"self":[{"href":"https:\/\/nicolaspasqual.fr\/index.php\/wp-json\/wp\/v2\/product\/2989","targetHints":{"allow":["GET"]}}],"collection":[{"href":"https:\/\/nicolaspasqual.fr\/index.php\/wp-json\/wp\/v2\/product"}],"about":[{"href":"https:\/\/nicolaspasqual.fr\/index.php\/wp-json\/wp\/v2\/types\/product"}],"wp:featuredmedia":[{"embeddable":true,"href":"https:\/\/nicolaspasqual.fr\/index.php\/wp-json\/wp\/v2\/media\/2990"}],"wp:attachment":[{"href":"https:\/\/nicolaspasqual.fr\/index.php\/wp-json\/wp\/v2\/media?parent=2989"}],"wp:term":[{"taxonomy":"product_brand","embeddable":true,"href":"https:\/\/nicolaspasqual.fr\/index.php\/wp-json\/wp\/v2\/product_brand?post=2989"},{"taxonomy":"product_cat","embeddable":true,"href":"https:\/\/nicolaspasqual.fr\/index.php\/wp-json\/wp\/v2\/product_cat?post=2989"},{"taxonomy":"product_tag","embeddable":true,"href":"https:\/\/nicolaspasqual.fr\/index.php\/wp-json\/wp\/v2\/product_tag?post=2989"}],"curies":[{"name":"wp","href":"https:\/\/api.w.org\/{rel}","templated":true}]}}