{"id":2704,"date":"2024-03-30T10:41:00","date_gmt":"2024-03-30T10:41:00","guid":{"rendered":"https:\/\/nicolaspasqual.fr\/?post_type=product&#038;p=2704"},"modified":"2025-04-08T16:28:04","modified_gmt":"2025-04-08T16:28:04","slug":"meditation-relaxation-enracinement-bien-etre-amour","status":"publish","type":"product","link":"https:\/\/nicolaspasqual.fr\/index.php\/produit\/meditation-relaxation-enracinement-bien-etre-amour\/","title":{"rendered":"M\u00e9ditation relaxation, ENRACINEMENT, BIEN-ETRE, AMOUR et \u00e9volution avec Nicolas PASQUAL"},"content":{"rendered":"<p>Bonjour,<\/p>\n<p>La respiration de relaxation permet de s&rsquo;apaiser en profondeur et favorise l&rsquo;\u00e9quilibre int\u00e9rieur.<\/p>\n<p>La pratique r\u00e9guli\u00e8re de cette m\u00e9ditation peut vous aider \u00e0 vous enraciner et avoir de l&rsquo;ancrage. Elle contribue \u00e0 se lib\u00e9rer d&rsquo;\u00e9nergies basses, et \u00e0 ressentir d&rsquo;avantage de bien-\u00eatre et de s\u00e9r\u00e9nit\u00e9. Cette m\u00e9ditation aide \u00e0 vous ressentir l&rsquo;\u00e9nergie d&rsquo;amour et de joie.<\/p>\n<p>Je vous souhaite une tr\u00e8s agr\u00e9able et inspirante m\u00e9ditation.<\/p>\n<p>Nicolas PASQUAL<\/p>\n<p><a href=\"https:\/\/nicolaspasqual.fr\">https:\/\/nicolaspasqual.fr<\/a><\/p>\n<p><a href=\"https:\/\/nicolaspasqual.systeme.io\/84370591\">s\u2019inscrire \u00e0 la newsletter<\/a><\/p>\n<p><strong><a href=\"https:\/\/g.co\/kgs\/mmjs5nB\">Avis google\u00a0https:\/\/g.co\/kgs\/mmjs5nB<\/a><\/strong><\/p>\n","protected":false},"excerpt":{"rendered":"<p>La pratique r\u00e9guli\u00e8re de cette m\u00e9ditation peut vous aider \u00e0 vous enraciner et vous ancrer, vous <strong>d\u00e9barrasser d&rsquo;\u00e9nergies basses &amp; n\u00e9gatives et d\u00e9velopper des \u00e9nergies positives d&rsquo;Amour et de joie<\/strong>.<\/p>\n<p>Merveilleuses et fluides m\u00e9ditations \u00e0 vous,<\/p>\n<p>Nicolas<\/p>\n<p><img loading=\"lazy\" decoding=\"async\" class=\"alignnone size-medium wp-image-1013\" src=\"https:\/\/nicolaspasqual.fr\/wp-content\/uploads\/2022\/08\/soleil-coeur-300x160.jpg\" alt=\"\" width=\"300\" height=\"160\" \/><\/p>\n","protected":false},"featured_media":404,"template":"","meta":{"_et_pb_use_builder":"","_et_pb_old_content":"","_et_gb_content_width":""},"product_brand":[51],"product_cat":[44],"product_tag":[],"class_list":{"0":"post-2704","1":"product","2":"type-product","3":"status-publish","4":"has-post-thumbnail","6":"product_brand-epigenetique-du-bien-etre","7":"product_cat-meditations-guidees","9":"first","10":"instock","11":"downloadable","12":"virtual","13":"purchasable","14":"product-type-simple"},"yoast_head":"<!-- This site is optimized with the Yoast SEO plugin v27.3 - https:\/\/yoast.com\/product\/yoast-seo-wordpress\/ -->\n<title>M\u00e9ditation relaxation, ENRACINEMENT, BIEN-ETRE, AMOUR et \u00e9volution avec Nicolas PASQUAL - Nicolas Pasqual<\/title>\n<meta name=\"description\" content=\"audio m\u00e9ditation relaxation antistress enracinement Bien-\u00eatre. Respiration de relaxation, s&#039;apaiser s&#039;enraciner et ressentir ancrage et bien-\u00eatre.\" \/>\n<meta name=\"robots\" content=\"index, follow, max-snippet:-1, max-image-preview:large, max-video-preview:-1\" \/>\n<link rel=\"canonical\" href=\"https:\/\/nicolaspasqual.fr\/index.php\/produit\/meditation-relaxation-enracinement-bien-etre-amour\/\" \/>\n<meta property=\"og:locale\" content=\"fr_FR\" \/>\n<meta property=\"og:type\" content=\"article\" \/>\n<meta property=\"og:title\" content=\"M\u00e9ditation relaxation, ENRACINEMENT, BIEN-ETRE, AMOUR et \u00e9volution avec Nicolas PASQUAL - Nicolas Pasqual\" \/>\n<meta property=\"og:description\" content=\"audio m\u00e9ditation relaxation antistress enracinement Bien-\u00eatre. Respiration de relaxation, s&#039;apaiser s&#039;enraciner et ressentir ancrage et bien-\u00eatre.\" \/>\n<meta property=\"og:url\" content=\"https:\/\/nicolaspasqual.fr\/index.php\/produit\/meditation-relaxation-enracinement-bien-etre-amour\/\" \/>\n<meta property=\"og:site_name\" content=\"Nicolas Pasqual\" \/>\n<meta property=\"article:modified_time\" content=\"2025-04-08T16:28:04+00:00\" \/>\n<meta property=\"og:image\" content=\"https:\/\/nicolaspasqual.fr\/wp-content\/uploads\/2022\/07\/voyage-initiatique.jpeg\" \/>\n\t<meta property=\"og:image:width\" content=\"667\" \/>\n\t<meta property=\"og:image:height\" content=\"667\" \/>\n\t<meta property=\"og:image:type\" content=\"image\/jpeg\" \/>\n<meta name=\"twitter:card\" content=\"summary_large_image\" \/>\n<meta name=\"twitter:label1\" content=\"Dur\u00e9e de lecture estim\u00e9e\" \/>\n\t<meta name=\"twitter:data1\" content=\"1 minute\" \/>\n<script type=\"application\/ld+json\" class=\"yoast-schema-graph\">{\"@context\":\"https:\\\/\\\/schema.org\",\"@graph\":[{\"@type\":\"WebPage\",\"@id\":\"https:\\\/\\\/nicolaspasqual.fr\\\/index.php\\\/produit\\\/meditation-relaxation-enracinement-bien-etre-amour\\\/\",\"url\":\"https:\\\/\\\/nicolaspasqual.fr\\\/index.php\\\/produit\\\/meditation-relaxation-enracinement-bien-etre-amour\\\/\",\"name\":\"M\u00e9ditation relaxation, ENRACINEMENT, BIEN-ETRE, AMOUR et \u00e9volution avec Nicolas PASQUAL - Nicolas Pasqual\",\"isPartOf\":{\"@id\":\"https:\\\/\\\/nicolaspasqual.fr\\\/#website\"},\"primaryImageOfPage\":{\"@id\":\"https:\\\/\\\/nicolaspasqual.fr\\\/index.php\\\/produit\\\/meditation-relaxation-enracinement-bien-etre-amour\\\/#primaryimage\"},\"image\":{\"@id\":\"https:\\\/\\\/nicolaspasqual.fr\\\/index.php\\\/produit\\\/meditation-relaxation-enracinement-bien-etre-amour\\\/#primaryimage\"},\"thumbnailUrl\":\"https:\\\/\\\/nicolaspasqual.fr\\\/wp-content\\\/uploads\\\/2022\\\/07\\\/voyage-initiatique.jpeg\",\"datePublished\":\"2024-03-30T10:41:00+00:00\",\"dateModified\":\"2025-04-08T16:28:04+00:00\",\"description\":\"audio m\u00e9ditation relaxation antistress enracinement Bien-\u00eatre. Respiration de relaxation, s'apaiser s'enraciner et ressentir ancrage et bien-\u00eatre.\",\"breadcrumb\":{\"@id\":\"https:\\\/\\\/nicolaspasqual.fr\\\/index.php\\\/produit\\\/meditation-relaxation-enracinement-bien-etre-amour\\\/#breadcrumb\"},\"inLanguage\":\"fr-FR\",\"potentialAction\":[{\"@type\":\"ReadAction\",\"target\":[\"https:\\\/\\\/nicolaspasqual.fr\\\/index.php\\\/produit\\\/meditation-relaxation-enracinement-bien-etre-amour\\\/\"]}]},{\"@type\":\"ImageObject\",\"inLanguage\":\"fr-FR\",\"@id\":\"https:\\\/\\\/nicolaspasqual.fr\\\/index.php\\\/produit\\\/meditation-relaxation-enracinement-bien-etre-amour\\\/#primaryimage\",\"url\":\"https:\\\/\\\/nicolaspasqual.fr\\\/wp-content\\\/uploads\\\/2022\\\/07\\\/voyage-initiatique.jpeg\",\"contentUrl\":\"https:\\\/\\\/nicolaspasqual.fr\\\/wp-content\\\/uploads\\\/2022\\\/07\\\/voyage-initiatique.jpeg\",\"width\":667,\"height\":667,\"caption\":\"Rearview of a young woman sitting on a mountain top peacefully gazing at low-lying morning clouds and the pastel colours of a tranquil sunrise\"},{\"@type\":\"BreadcrumbList\",\"@id\":\"https:\\\/\\\/nicolaspasqual.fr\\\/index.php\\\/produit\\\/meditation-relaxation-enracinement-bien-etre-amour\\\/#breadcrumb\",\"itemListElement\":[{\"@type\":\"ListItem\",\"position\":1,\"name\":\"Accueil\",\"item\":\"https:\\\/\\\/nicolaspasqual.fr\\\/\"},{\"@type\":\"ListItem\",\"position\":2,\"name\":\"Boutique M\u00e9ditations \u00e9pig\u00e9n\u00e9tique Bien-\u00eatre\",\"item\":\"https:\\\/\\\/nicolaspasqual.fr\\\/index.php\\\/boutique-meditation-bien-etre-anti-stress-transition-confiance-amour\\\/\"},{\"@type\":\"ListItem\",\"position\":3,\"name\":\"M\u00e9ditation relaxation, ENRACINEMENT, BIEN-ETRE, AMOUR et \u00e9volution avec Nicolas PASQUAL\"}]},{\"@type\":\"WebSite\",\"@id\":\"https:\\\/\\\/nicolaspasqual.fr\\\/#website\",\"url\":\"https:\\\/\\\/nicolaspasqual.fr\\\/\",\"name\":\"Nicolas Pasqual\",\"description\":\"Vie int\u00e9grative\",\"publisher\":{\"@id\":\"https:\\\/\\\/nicolaspasqual.fr\\\/#organization\"},\"potentialAction\":[{\"@type\":\"SearchAction\",\"target\":{\"@type\":\"EntryPoint\",\"urlTemplate\":\"https:\\\/\\\/nicolaspasqual.fr\\\/?s={search_term_string}\"},\"query-input\":{\"@type\":\"PropertyValueSpecification\",\"valueRequired\":true,\"valueName\":\"search_term_string\"}}],\"inLanguage\":\"fr-FR\"},{\"@type\":\"Organization\",\"@id\":\"https:\\\/\\\/nicolaspasqual.fr\\\/#organization\",\"name\":\"Nicolas Pasqual\",\"url\":\"https:\\\/\\\/nicolaspasqual.fr\\\/\",\"logo\":{\"@type\":\"ImageObject\",\"inLanguage\":\"fr-FR\",\"@id\":\"https:\\\/\\\/nicolaspasqual.fr\\\/#\\\/schema\\\/logo\\\/image\\\/\",\"url\":\"https:\\\/\\\/nicolaspasqual.fr\\\/wp-content\\\/uploads\\\/2022\\\/07\\\/cropped-logo-seul-512px.jpg\",\"contentUrl\":\"https:\\\/\\\/nicolaspasqual.fr\\\/wp-content\\\/uploads\\\/2022\\\/07\\\/cropped-logo-seul-512px.jpg\",\"width\":512,\"height\":512,\"caption\":\"Nicolas Pasqual\"},\"image\":{\"@id\":\"https:\\\/\\\/nicolaspasqual.fr\\\/#\\\/schema\\\/logo\\\/image\\\/\"}}]}<\/script>\n<!-- \/ Yoast SEO plugin. -->","yoast_head_json":{"title":"M\u00e9ditation relaxation, ENRACINEMENT, BIEN-ETRE, AMOUR et \u00e9volution avec Nicolas PASQUAL - Nicolas Pasqual","description":"audio m\u00e9ditation relaxation antistress enracinement Bien-\u00eatre. Respiration de relaxation, s'apaiser s'enraciner et ressentir ancrage et bien-\u00eatre.","robots":{"index":"index","follow":"follow","max-snippet":"max-snippet:-1","max-image-preview":"max-image-preview:large","max-video-preview":"max-video-preview:-1"},"canonical":"https:\/\/nicolaspasqual.fr\/index.php\/produit\/meditation-relaxation-enracinement-bien-etre-amour\/","og_locale":"fr_FR","og_type":"article","og_title":"M\u00e9ditation relaxation, ENRACINEMENT, BIEN-ETRE, AMOUR et \u00e9volution avec Nicolas PASQUAL - Nicolas Pasqual","og_description":"audio m\u00e9ditation relaxation antistress enracinement Bien-\u00eatre. Respiration de relaxation, s'apaiser s'enraciner et ressentir ancrage et bien-\u00eatre.","og_url":"https:\/\/nicolaspasqual.fr\/index.php\/produit\/meditation-relaxation-enracinement-bien-etre-amour\/","og_site_name":"Nicolas Pasqual","article_modified_time":"2025-04-08T16:28:04+00:00","og_image":[{"width":667,"height":667,"url":"https:\/\/nicolaspasqual.fr\/wp-content\/uploads\/2022\/07\/voyage-initiatique.jpeg","type":"image\/jpeg"}],"twitter_card":"summary_large_image","twitter_misc":{"Dur\u00e9e de lecture estim\u00e9e":"1 minute"},"schema":{"@context":"https:\/\/schema.org","@graph":[{"@type":"WebPage","@id":"https:\/\/nicolaspasqual.fr\/index.php\/produit\/meditation-relaxation-enracinement-bien-etre-amour\/","url":"https:\/\/nicolaspasqual.fr\/index.php\/produit\/meditation-relaxation-enracinement-bien-etre-amour\/","name":"M\u00e9ditation relaxation, ENRACINEMENT, BIEN-ETRE, AMOUR et \u00e9volution avec Nicolas PASQUAL - Nicolas Pasqual","isPartOf":{"@id":"https:\/\/nicolaspasqual.fr\/#website"},"primaryImageOfPage":{"@id":"https:\/\/nicolaspasqual.fr\/index.php\/produit\/meditation-relaxation-enracinement-bien-etre-amour\/#primaryimage"},"image":{"@id":"https:\/\/nicolaspasqual.fr\/index.php\/produit\/meditation-relaxation-enracinement-bien-etre-amour\/#primaryimage"},"thumbnailUrl":"https:\/\/nicolaspasqual.fr\/wp-content\/uploads\/2022\/07\/voyage-initiatique.jpeg","datePublished":"2024-03-30T10:41:00+00:00","dateModified":"2025-04-08T16:28:04+00:00","description":"audio m\u00e9ditation relaxation antistress enracinement Bien-\u00eatre. Respiration de relaxation, s'apaiser s'enraciner et ressentir ancrage et bien-\u00eatre.","breadcrumb":{"@id":"https:\/\/nicolaspasqual.fr\/index.php\/produit\/meditation-relaxation-enracinement-bien-etre-amour\/#breadcrumb"},"inLanguage":"fr-FR","potentialAction":[{"@type":"ReadAction","target":["https:\/\/nicolaspasqual.fr\/index.php\/produit\/meditation-relaxation-enracinement-bien-etre-amour\/"]}]},{"@type":"ImageObject","inLanguage":"fr-FR","@id":"https:\/\/nicolaspasqual.fr\/index.php\/produit\/meditation-relaxation-enracinement-bien-etre-amour\/#primaryimage","url":"https:\/\/nicolaspasqual.fr\/wp-content\/uploads\/2022\/07\/voyage-initiatique.jpeg","contentUrl":"https:\/\/nicolaspasqual.fr\/wp-content\/uploads\/2022\/07\/voyage-initiatique.jpeg","width":667,"height":667,"caption":"Rearview of a young woman sitting on a mountain top peacefully gazing at low-lying morning clouds and the pastel colours of a tranquil sunrise"},{"@type":"BreadcrumbList","@id":"https:\/\/nicolaspasqual.fr\/index.php\/produit\/meditation-relaxation-enracinement-bien-etre-amour\/#breadcrumb","itemListElement":[{"@type":"ListItem","position":1,"name":"Accueil","item":"https:\/\/nicolaspasqual.fr\/"},{"@type":"ListItem","position":2,"name":"Boutique M\u00e9ditations \u00e9pig\u00e9n\u00e9tique Bien-\u00eatre","item":"https:\/\/nicolaspasqual.fr\/index.php\/boutique-meditation-bien-etre-anti-stress-transition-confiance-amour\/"},{"@type":"ListItem","position":3,"name":"M\u00e9ditation relaxation, ENRACINEMENT, BIEN-ETRE, AMOUR et \u00e9volution avec Nicolas PASQUAL"}]},{"@type":"WebSite","@id":"https:\/\/nicolaspasqual.fr\/#website","url":"https:\/\/nicolaspasqual.fr\/","name":"Nicolas Pasqual","description":"Vie int\u00e9grative","publisher":{"@id":"https:\/\/nicolaspasqual.fr\/#organization"},"potentialAction":[{"@type":"SearchAction","target":{"@type":"EntryPoint","urlTemplate":"https:\/\/nicolaspasqual.fr\/?s={search_term_string}"},"query-input":{"@type":"PropertyValueSpecification","valueRequired":true,"valueName":"search_term_string"}}],"inLanguage":"fr-FR"},{"@type":"Organization","@id":"https:\/\/nicolaspasqual.fr\/#organization","name":"Nicolas Pasqual","url":"https:\/\/nicolaspasqual.fr\/","logo":{"@type":"ImageObject","inLanguage":"fr-FR","@id":"https:\/\/nicolaspasqual.fr\/#\/schema\/logo\/image\/","url":"https:\/\/nicolaspasqual.fr\/wp-content\/uploads\/2022\/07\/cropped-logo-seul-512px.jpg","contentUrl":"https:\/\/nicolaspasqual.fr\/wp-content\/uploads\/2022\/07\/cropped-logo-seul-512px.jpg","width":512,"height":512,"caption":"Nicolas Pasqual"},"image":{"@id":"https:\/\/nicolaspasqual.fr\/#\/schema\/logo\/image\/"}}]}},"jetpack_sharing_enabled":true,"_links":{"self":[{"href":"https:\/\/nicolaspasqual.fr\/index.php\/wp-json\/wp\/v2\/product\/2704","targetHints":{"allow":["GET"]}}],"collection":[{"href":"https:\/\/nicolaspasqual.fr\/index.php\/wp-json\/wp\/v2\/product"}],"about":[{"href":"https:\/\/nicolaspasqual.fr\/index.php\/wp-json\/wp\/v2\/types\/product"}],"wp:featuredmedia":[{"embeddable":true,"href":"https:\/\/nicolaspasqual.fr\/index.php\/wp-json\/wp\/v2\/media\/404"}],"wp:attachment":[{"href":"https:\/\/nicolaspasqual.fr\/index.php\/wp-json\/wp\/v2\/media?parent=2704"}],"wp:term":[{"taxonomy":"product_brand","embeddable":true,"href":"https:\/\/nicolaspasqual.fr\/index.php\/wp-json\/wp\/v2\/product_brand?post=2704"},{"taxonomy":"product_cat","embeddable":true,"href":"https:\/\/nicolaspasqual.fr\/index.php\/wp-json\/wp\/v2\/product_cat?post=2704"},{"taxonomy":"product_tag","embeddable":true,"href":"https:\/\/nicolaspasqual.fr\/index.php\/wp-json\/wp\/v2\/product_tag?post=2704"}],"curies":[{"name":"wp","href":"https:\/\/api.w.org\/{rel}","templated":true}]}}