{"id":843,"date":"2022-08-08T17:21:53","date_gmt":"2022-08-08T17:21:53","guid":{"rendered":"https:\/\/nicolaspasqual.fr\/?page_id=843"},"modified":"2025-02-12T09:32:01","modified_gmt":"2025-02-12T09:32:01","slug":"videos","status":"publish","type":"page","link":"https:\/\/nicolaspasqual.fr\/index.php\/videos\/","title":{"rendered":"Vid\u00e9os"},"content":{"rendered":"<p>[et_pb_section fb_built=\u00a0\u00bb1&Prime; _builder_version=\u00a0\u00bb4.17.4&Prime; _module_preset=\u00a0\u00bbdefault\u00a0\u00bb use_background_color_gradient=\u00a0\u00bbon\u00a0\u00bb background_color_gradient_direction=\u00a0\u00bb360deg\u00a0\u00bb background_color_gradient_stops=\u00a0\u00bbgcid-60f25bfe-b96e-421b-89f4-307d9ce0ccc3 54%|gcid-de90b34d-90d1-4f48-83a6-0692463168e9 100%\u00a0\u00bb custom_padding=\u00a0\u00bb||100px||false|false\u00a0\u00bb bottom_divider_style=\u00a0\u00bbslant\u00a0\u00bb bottom_divider_color=\u00a0\u00bb#dddddd\u00a0\u00bb bottom_divider_flip=\u00a0\u00bbhorizontal\u00a0\u00bb global_colors_info=\u00a0\u00bb{%22gcid-5ace6236-67b4-41b1-b251-3750bdd4dc0a%22:%91%22background_color_gradient_stops%22%93,%22gcid-cb9930c1-c8fb-42fb-86f3-67cb1113cfe4%22:%91%22background_color_gradient_stops%22%93,%22gcid-5510346c-a96c-4122-b13c-d6e620220fd1%22:%91%22background_color_gradient_stops%22%93,%22gcid-60f25bfe-b96e-421b-89f4-307d9ce0ccc3%22:%91%22background_color_gradient_stops%22%93,%22gcid-de90b34d-90d1-4f48-83a6-0692463168e9%22:%91%22background_color_gradient_stops%22%93}\u00a0\u00bb][et_pb_row _builder_version=\u00a0\u00bb4.17.4&Prime; _module_preset=\u00a0\u00bbdefault\u00a0\u00bb global_colors_info=\u00a0\u00bb{}\u00a0\u00bb][et_pb_column type=\u00a0\u00bb4_4&Prime; _builder_version=\u00a0\u00bb4.17.4&Prime; _module_preset=\u00a0\u00bbdefault\u00a0\u00bb global_colors_info=\u00a0\u00bb{}\u00a0\u00bb][et_pb_text _builder_version=\u00a0\u00bb4.17.4&Prime; _module_preset=\u00a0\u00bbdefault\u00a0\u00bb background_color=\u00a0\u00bb#FFFFFF\u00a0\u00bb background_enable_mask_style=\u00a0\u00bbon\u00a0\u00bb background_mask_style=\u00a0\u00bbcorner-lake\u00a0\u00bb background_mask_color=\u00a0\u00bb#5c0172&Prime; background_mask_transform=\u00a0\u00bbinvert\u00a0\u00bb background_mask_size=\u00a0\u00bbcustom\u00a0\u00bb background_mask_width=\u00a0\u00bb55%\u00a0\u00bb background_mask_height=\u00a0\u00bb160%\u00a0\u00bb background_mask_position=\u00a0\u00bbcenter_right\u00a0\u00bb background_mask_horizontal_offset=\u00a0\u00bb-60%\u00a0\u00bb max_width=\u00a0\u00bb50%\u00a0\u00bb max_width_tablet=\u00a0\u00bb75%\u00a0\u00bb max_width_phone=\u00a0\u00bb100%\u00a0\u00bb max_width_last_edited=\u00a0\u00bbon|phone\u00a0\u00bb module_alignment=\u00a0\u00bbleft\u00a0\u00bb custom_padding=\u00a0\u00bb8px|10px|0px|30px|false|false\u00a0\u00bb header_font_size_tablet=\u00a0\u00bb\u00a0\u00bb header_font_size_phone=\u00a0\u00bb30px\u00a0\u00bb header_font_size_last_edited=\u00a0\u00bbon|phone\u00a0\u00bb box_shadow_style=\u00a0\u00bbpreset3&Prime; global_colors_info=\u00a0\u00bb{}\u00a0\u00bb]<\/p>\n<h1 style=\"text-align: left;\">Vid\u00e9os<\/h1>\n<p>[\/et_pb_text][\/et_pb_column][\/et_pb_row][\/et_pb_section][et_pb_section fb_built=\u00a0\u00bb1&Prime; next_background_color=\u00a0\u00bb#0C71C3&Prime; _builder_version=\u00a0\u00bb4.17.4&Prime; _module_preset=\u00a0\u00bbdefault\u00a0\u00bb use_background_color_gradient=\u00a0\u00bbon\u00a0\u00bb background_color_gradient_direction=\u00a0\u00bb174deg\u00a0\u00bb background_color_gradient_stops=\u00a0\u00bb#dddddd 0%|#dddddd 100%\u00a0\u00bb custom_margin=\u00a0\u00bb0px||50px||false|false\u00a0\u00bb custom_padding=\u00a0\u00bb0px||0px||true|false\u00a0\u00bb top_divider_flip=\u00a0\u00bbhorizontal\u00a0\u00bb bottom_divider_style=\u00a0\u00bbslant\u00a0\u00bb bottom_divider_flip=\u00a0\u00bbhorizontal\u00a0\u00bb global_colors_info=\u00a0\u00bb{}\u00a0\u00bb][et_pb_row _builder_version=\u00a0\u00bb4.17.4&Prime; _module_preset=\u00a0\u00bbdefault\u00a0\u00bb global_colors_info=\u00a0\u00bb{}\u00a0\u00bb][et_pb_column type=\u00a0\u00bb4_4&Prime; _builder_version=\u00a0\u00bb4.17.4&Prime; _module_preset=\u00a0\u00bbdefault\u00a0\u00bb global_colors_info=\u00a0\u00bb{}\u00a0\u00bb][et_pb_filterable_portfolio fullwidth=\u00a0\u00bboff\u00a0\u00bb posts_number=\u00a0\u00bb15&Prime; include_categories=\u00a0\u00bb16&Prime; zoom_icon_color=\u00a0\u00bb#FFFFFF\u00a0\u00bb hover_overlay_color=\u00a0\u00bbRGBA(144,0,157,0.46)\u00a0\u00bb hover_icon=\u00a0\u00bb&#xf06e;||fa||900&Prime; _builder_version=\u00a0\u00bb4.17.4&Prime; _module_preset=\u00a0\u00bbdefault\u00a0\u00bb filter_font=\u00a0\u00bb||||||||\u00a0\u00bb filter_text_color=\u00a0\u00bb#000000&Prime; border_width_all_image=\u00a0\u00bb1px\u00a0\u00bb border_color_all_image=\u00a0\u00bb#999999&Prime; box_shadow_style_image=\u00a0\u00bbpreset1&Prime; global_colors_info=\u00a0\u00bb{}\u00a0\u00bb][\/et_pb_filterable_portfolio][\/et_pb_column][\/et_pb_row][\/et_pb_section]<\/p>\n","protected":false},"excerpt":{"rendered":"<p>Vid\u00e9os<\/p>\n","protected":false},"author":1,"featured_media":0,"parent":0,"menu_order":0,"comment_status":"closed","ping_status":"closed","template":"","meta":{"_et_pb_use_builder":"on","_et_pb_old_content":"","_et_gb_content_width":"","footnotes":""},"class_list":["post-843","page","type-page","status-publish","hentry"],"yoast_head":"<!-- This site is optimized with the Yoast SEO plugin v27.5 - https:\/\/yoast.com\/product\/yoast-seo-wordpress\/ -->\n<title>Vid\u00e9os - Nicolas Pasqual<\/title>\n<meta name=\"description\" content=\"vid\u00e9os th\u00e9rapeute coaching dr Nicolas Pasqual\" \/>\n<meta name=\"robots\" content=\"index, follow, max-snippet:-1, max-image-preview:large, max-video-preview:-1\" \/>\n<link rel=\"canonical\" href=\"https:\/\/nicolaspasqual.fr\/index.php\/videos\/\" \/>\n<meta property=\"og:locale\" content=\"fr_FR\" \/>\n<meta property=\"og:type\" content=\"article\" \/>\n<meta property=\"og:title\" content=\"Vid\u00e9os - Nicolas Pasqual\" \/>\n<meta property=\"og:description\" content=\"vid\u00e9os th\u00e9rapeute coaching dr Nicolas Pasqual\" \/>\n<meta property=\"og:url\" content=\"https:\/\/nicolaspasqual.fr\/index.php\/videos\/\" \/>\n<meta property=\"og:site_name\" content=\"Nicolas Pasqual\" \/>\n<meta property=\"article:modified_time\" content=\"2025-02-12T09:32:01+00:00\" \/>\n<meta name=\"twitter:card\" content=\"summary_large_image\" \/>\n<meta name=\"twitter:label1\" content=\"Dur\u00e9e de lecture estim\u00e9e\" \/>\n\t<meta name=\"twitter:data1\" content=\"1 minute\" \/>\n<script type=\"application\/ld+json\" class=\"yoast-schema-graph\">{\"@context\":\"https:\\\/\\\/schema.org\",\"@graph\":[{\"@type\":\"WebPage\",\"@id\":\"https:\\\/\\\/nicolaspasqual.fr\\\/index.php\\\/videos\\\/\",\"url\":\"https:\\\/\\\/nicolaspasqual.fr\\\/index.php\\\/videos\\\/\",\"name\":\"Vid\u00e9os - Nicolas Pasqual\",\"isPartOf\":{\"@id\":\"https:\\\/\\\/nicolaspasqual.fr\\\/#website\"},\"datePublished\":\"2022-08-08T17:21:53+00:00\",\"dateModified\":\"2025-02-12T09:32:01+00:00\",\"description\":\"vid\u00e9os th\u00e9rapeute coaching dr Nicolas Pasqual\",\"breadcrumb\":{\"@id\":\"https:\\\/\\\/nicolaspasqual.fr\\\/index.php\\\/videos\\\/#breadcrumb\"},\"inLanguage\":\"fr-FR\",\"potentialAction\":[{\"@type\":\"ReadAction\",\"target\":[\"https:\\\/\\\/nicolaspasqual.fr\\\/index.php\\\/videos\\\/\"]}]},{\"@type\":\"BreadcrumbList\",\"@id\":\"https:\\\/\\\/nicolaspasqual.fr\\\/index.php\\\/videos\\\/#breadcrumb\",\"itemListElement\":[{\"@type\":\"ListItem\",\"position\":1,\"name\":\"Accueil\",\"item\":\"https:\\\/\\\/nicolaspasqual.fr\\\/\"},{\"@type\":\"ListItem\",\"position\":2,\"name\":\"Vid\u00e9os\"}]},{\"@type\":\"WebSite\",\"@id\":\"https:\\\/\\\/nicolaspasqual.fr\\\/#website\",\"url\":\"https:\\\/\\\/nicolaspasqual.fr\\\/\",\"name\":\"Nicolas Pasqual\",\"description\":\"Vie int\u00e9grative\",\"publisher\":{\"@id\":\"https:\\\/\\\/nicolaspasqual.fr\\\/#organization\"},\"potentialAction\":[{\"@type\":\"SearchAction\",\"target\":{\"@type\":\"EntryPoint\",\"urlTemplate\":\"https:\\\/\\\/nicolaspasqual.fr\\\/?s={search_term_string}\"},\"query-input\":{\"@type\":\"PropertyValueSpecification\",\"valueRequired\":true,\"valueName\":\"search_term_string\"}}],\"inLanguage\":\"fr-FR\"},{\"@type\":\"Organization\",\"@id\":\"https:\\\/\\\/nicolaspasqual.fr\\\/#organization\",\"name\":\"Nicolas Pasqual\",\"url\":\"https:\\\/\\\/nicolaspasqual.fr\\\/\",\"logo\":{\"@type\":\"ImageObject\",\"inLanguage\":\"fr-FR\",\"@id\":\"https:\\\/\\\/nicolaspasqual.fr\\\/#\\\/schema\\\/logo\\\/image\\\/\",\"url\":\"https:\\\/\\\/nicolaspasqual.fr\\\/wp-content\\\/uploads\\\/2022\\\/07\\\/cropped-logo-seul-512px.jpg\",\"contentUrl\":\"https:\\\/\\\/nicolaspasqual.fr\\\/wp-content\\\/uploads\\\/2022\\\/07\\\/cropped-logo-seul-512px.jpg\",\"width\":512,\"height\":512,\"caption\":\"Nicolas Pasqual\"},\"image\":{\"@id\":\"https:\\\/\\\/nicolaspasqual.fr\\\/#\\\/schema\\\/logo\\\/image\\\/\"}}]}<\/script>\n<!-- \/ Yoast SEO plugin. -->","yoast_head_json":{"title":"Vid\u00e9os - Nicolas Pasqual","description":"vid\u00e9os th\u00e9rapeute coaching dr Nicolas Pasqual","robots":{"index":"index","follow":"follow","max-snippet":"max-snippet:-1","max-image-preview":"max-image-preview:large","max-video-preview":"max-video-preview:-1"},"canonical":"https:\/\/nicolaspasqual.fr\/index.php\/videos\/","og_locale":"fr_FR","og_type":"article","og_title":"Vid\u00e9os - Nicolas Pasqual","og_description":"vid\u00e9os th\u00e9rapeute coaching dr Nicolas Pasqual","og_url":"https:\/\/nicolaspasqual.fr\/index.php\/videos\/","og_site_name":"Nicolas Pasqual","article_modified_time":"2025-02-12T09:32:01+00:00","twitter_card":"summary_large_image","twitter_misc":{"Dur\u00e9e de lecture estim\u00e9e":"1 minute"},"schema":{"@context":"https:\/\/schema.org","@graph":[{"@type":"WebPage","@id":"https:\/\/nicolaspasqual.fr\/index.php\/videos\/","url":"https:\/\/nicolaspasqual.fr\/index.php\/videos\/","name":"Vid\u00e9os - Nicolas Pasqual","isPartOf":{"@id":"https:\/\/nicolaspasqual.fr\/#website"},"datePublished":"2022-08-08T17:21:53+00:00","dateModified":"2025-02-12T09:32:01+00:00","description":"vid\u00e9os th\u00e9rapeute coaching dr Nicolas Pasqual","breadcrumb":{"@id":"https:\/\/nicolaspasqual.fr\/index.php\/videos\/#breadcrumb"},"inLanguage":"fr-FR","potentialAction":[{"@type":"ReadAction","target":["https:\/\/nicolaspasqual.fr\/index.php\/videos\/"]}]},{"@type":"BreadcrumbList","@id":"https:\/\/nicolaspasqual.fr\/index.php\/videos\/#breadcrumb","itemListElement":[{"@type":"ListItem","position":1,"name":"Accueil","item":"https:\/\/nicolaspasqual.fr\/"},{"@type":"ListItem","position":2,"name":"Vid\u00e9os"}]},{"@type":"WebSite","@id":"https:\/\/nicolaspasqual.fr\/#website","url":"https:\/\/nicolaspasqual.fr\/","name":"Nicolas Pasqual","description":"Vie int\u00e9grative","publisher":{"@id":"https:\/\/nicolaspasqual.fr\/#organization"},"potentialAction":[{"@type":"SearchAction","target":{"@type":"EntryPoint","urlTemplate":"https:\/\/nicolaspasqual.fr\/?s={search_term_string}"},"query-input":{"@type":"PropertyValueSpecification","valueRequired":true,"valueName":"search_term_string"}}],"inLanguage":"fr-FR"},{"@type":"Organization","@id":"https:\/\/nicolaspasqual.fr\/#organization","name":"Nicolas Pasqual","url":"https:\/\/nicolaspasqual.fr\/","logo":{"@type":"ImageObject","inLanguage":"fr-FR","@id":"https:\/\/nicolaspasqual.fr\/#\/schema\/logo\/image\/","url":"https:\/\/nicolaspasqual.fr\/wp-content\/uploads\/2022\/07\/cropped-logo-seul-512px.jpg","contentUrl":"https:\/\/nicolaspasqual.fr\/wp-content\/uploads\/2022\/07\/cropped-logo-seul-512px.jpg","width":512,"height":512,"caption":"Nicolas Pasqual"},"image":{"@id":"https:\/\/nicolaspasqual.fr\/#\/schema\/logo\/image\/"}}]}},"jetpack_sharing_enabled":true,"_links":{"self":[{"href":"https:\/\/nicolaspasqual.fr\/index.php\/wp-json\/wp\/v2\/pages\/843","targetHints":{"allow":["GET"]}}],"collection":[{"href":"https:\/\/nicolaspasqual.fr\/index.php\/wp-json\/wp\/v2\/pages"}],"about":[{"href":"https:\/\/nicolaspasqual.fr\/index.php\/wp-json\/wp\/v2\/types\/page"}],"author":[{"embeddable":true,"href":"https:\/\/nicolaspasqual.fr\/index.php\/wp-json\/wp\/v2\/users\/1"}],"replies":[{"embeddable":true,"href":"https:\/\/nicolaspasqual.fr\/index.php\/wp-json\/wp\/v2\/comments?post=843"}],"version-history":[{"count":23,"href":"https:\/\/nicolaspasqual.fr\/index.php\/wp-json\/wp\/v2\/pages\/843\/revisions"}],"predecessor-version":[{"id":2975,"href":"https:\/\/nicolaspasqual.fr\/index.php\/wp-json\/wp\/v2\/pages\/843\/revisions\/2975"}],"wp:attachment":[{"href":"https:\/\/nicolaspasqual.fr\/index.php\/wp-json\/wp\/v2\/media?parent=843"}],"curies":[{"name":"wp","href":"https:\/\/api.w.org\/{rel}","templated":true}]}}