{"id":2357,"date":"2023-05-24T20:37:26","date_gmt":"2023-05-24T20:37:26","guid":{"rendered":"https:\/\/nicolaspasqual.fr\/index.php\/boutique\/"},"modified":"2025-06-07T12:27:29","modified_gmt":"2025-06-07T12:27:29","slug":"boutique-meditation-bien-etre-anti-stress-transition-confiance-amour","status":"publish","type":"page","link":"https:\/\/nicolaspasqual.fr\/index.php\/boutique-meditation-bien-etre-anti-stress-transition-confiance-amour\/","title":{"rendered":"Boutique M\u00e9ditations \u00e9pig\u00e9n\u00e9tique Bien-\u00eatre"},"content":{"rendered":"<p>[et_pb_section fb_built=\u00a0\u00bb1&Prime; admin_label=\u00a0\u00bbSection\u00a0\u00bb _builder_version=\u00a0\u00bb4.17.4&Prime; _module_preset=\u00a0\u00bbdefault\u00a0\u00bb background_color=\u00a0\u00bbRGBA(255,255,255,0)\u00a0\u00bb background_image=\u00a0\u00bbhttps:\/\/nicolaspasqual.fr\/wp-content\/uploads\/2022\/07\/ciel-et-soleil.jpg\u00a0\u00bb min_height=\u00a0\u00bb389.6px\u00a0\u00bb custom_padding=\u00a0\u00bb||0px||false|false\u00a0\u00bb bottom_divider_flip=\u00a0\u00bbhorizontal\u00a0\u00bb global_colors_info=\u00a0\u00bb{}\u00a0\u00bb][et_pb_row admin_label=\u00a0\u00bbLigne\u00a0\u00bb _builder_version=\u00a0\u00bb4.17.4&Prime; _module_preset=\u00a0\u00bbdefault\u00a0\u00bb custom_margin=\u00a0\u00bb||||false|false\u00a0\u00bb custom_padding=\u00a0\u00bb0px|||||\u00a0\u00bb global_colors_info=\u00a0\u00bb{}\u00a0\u00bb][et_pb_column type=\u00a0\u00bb4_4&Prime; _builder_version=\u00a0\u00bb4.17.4&Prime; _module_preset=\u00a0\u00bbdefault\u00a0\u00bb global_colors_info=\u00a0\u00bb{}\u00a0\u00bb][et_pb_text admin_label=\u00a0\u00bbTexte\u00a0\u00bb _builder_version=\u00a0\u00bb4.17.4&Prime; _module_preset=\u00a0\u00bb0c9b0b01-ac56-4bc9-834c-de71a9256c0d\u00a0\u00bb header_font_size=\u00a0\u00bb32px\u00a0\u00bb background_color=\u00a0\u00bb#FFFFFF\u00a0\u00bb background_enable_mask_style=\u00a0\u00bbon\u00a0\u00bb background_mask_style=\u00a0\u00bbcorner-lake\u00a0\u00bb background_mask_color=\u00a0\u00bb#044989&Prime; background_mask_transform=\u00a0\u00bbinvert\u00a0\u00bb background_mask_size=\u00a0\u00bbcustom\u00a0\u00bb background_mask_width=\u00a0\u00bb55%\u00a0\u00bb background_mask_height=\u00a0\u00bb160%\u00a0\u00bb background_mask_position=\u00a0\u00bbcenter_right\u00a0\u00bb background_mask_horizontal_offset=\u00a0\u00bb-60%\u00a0\u00bb max_width=\u00a0\u00bb60%\u00a0\u00bb max_width_tablet=\u00a0\u00bb75%\u00a0\u00bb max_width_phone=\u00a0\u00bb100%\u00a0\u00bb max_width_last_edited=\u00a0\u00bbon|phone\u00a0\u00bb module_alignment=\u00a0\u00bbleft\u00a0\u00bb custom_padding=\u00a0\u00bb8px|80px|0px|30px|false|false\u00a0\u00bb header_font_size_tablet=\u00a0\u00bb32px\u00a0\u00bb header_font_size_phone=\u00a0\u00bb28px\u00a0\u00bb header_font_size_last_edited=\u00a0\u00bbon|phone\u00a0\u00bb box_shadow_style=\u00a0\u00bbpreset3&Prime; global_colors_info=\u00a0\u00bb{}\u00a0\u00bb]<\/p>\n<h1 style=\"text-align: left;\"><strong>Boutique M\u00e9ditations, Livres<\/strong><\/h1>\n<h3 style=\"text-align: left;\">Alignement int\u00e9rieur, Confiance, Epig\u00e9n\u00e9tique du Bien-Etre, IKIGAI<\/h3>\n<p>[\/et_pb_text][\/et_pb_column][\/et_pb_row][et_pb_row _builder_version=\u00a0\u00bb4.17.4&Prime; _module_preset=\u00a0\u00bbdefault\u00a0\u00bb custom_padding=\u00a0\u00bb47px|||||\u00a0\u00bb global_colors_info=\u00a0\u00bb{}\u00a0\u00bb][et_pb_column type=\u00a0\u00bb4_4&Prime; _builder_version=\u00a0\u00bb4.17.4&Prime; _module_preset=\u00a0\u00bbdefault\u00a0\u00bb global_colors_info=\u00a0\u00bb{}\u00a0\u00bb][et_pb_text _builder_version=\u00a0\u00bb4.17.4&Prime; _module_preset=\u00a0\u00bbdefault\u00a0\u00bb custom_padding=\u00a0\u00bb0px|||||\u00a0\u00bb global_colors_info=\u00a0\u00bb{}\u00a0\u00bb]<!-- divi:paragraph --><\/p>\n<p><span style=\"color: #000000;\"><strong>M\u00e9ditations coaching sur les th\u00e8mes :<\/strong><\/span><\/p>\n<p><span style=\"color: #000000;\"><strong>Respiration, Enracinement<\/strong>, <strong>Alignement<\/strong> int\u00e9rieur, diminution stress, <strong>relaxation<\/strong>, pur <strong>Lacher<\/strong> <strong>prise,<\/strong>\u00a0 <strong>\u00e9nergie<\/strong> <strong>positive<\/strong>, <strong>confiance en soi<\/strong>, <strong>s\u00e9r\u00e9nit\u00e9<\/strong> douceur, <strong>amour<\/strong>, gratitude, r\u00e9g\u00e9n\u00e9ration, <strong>R\u00e9g\u00e9n\u00e9rescence<\/strong>, prosp\u00e9rit\u00e9, <strong>Epig\u00e9n\u00e9tique<\/strong> du Bien-Etre, <strong>deuils<\/strong>, <strong>paix<\/strong> <strong>transg\u00e9n\u00e9rationnelle<\/strong>, <strong>IKIGAI<\/strong> quantique, <strong>synchronicit\u00e9s<\/strong>, \u00e9volution en <strong>Conscience<\/strong>.<\/span><\/p>\n<p>&nbsp;<\/p>\n<p>[\/et_pb_text][\/et_pb_column][\/et_pb_row][et_pb_row _builder_version=\u00a0\u00bb4.17.4&Prime; _module_preset=\u00a0\u00bbdefault\u00a0\u00bb global_colors_info=\u00a0\u00bb{}\u00a0\u00bb][et_pb_column type=\u00a0\u00bb4_4&Prime; _builder_version=\u00a0\u00bb4.17.4&Prime; _module_preset=\u00a0\u00bbdefault\u00a0\u00bb global_colors_info=\u00a0\u00bb{}\u00a0\u00bb][et_pb_shop _builder_version=\u00a0\u00bb4.17.4&Prime; _module_preset=\u00a0\u00bbdefault\u00a0\u00bb price_text_color=\u00a0\u00bb#FFFFFF\u00a0\u00bb background_color=\u00a0\u00bbRGBA(255,255,255,0)\u00a0\u00bb border_radii_image=\u00a0\u00bbon|5px|5px|5px|5px\u00a0\u00bb global_colors_info=\u00a0\u00bb{}\u00a0\u00bb][\/et_pb_shop][et_pb_code _builder_version=\u00a0\u00bb4.27.4&Prime; _module_preset=\u00a0\u00bbdefault\u00a0\u00bb hover_enabled=\u00a0\u00bb0&Prime; global_colors_info=\u00a0\u00bb{}\u00a0\u00bb border_radii=\u00a0\u00bbon|5px|5px|5px|5px\u00a0\u00bb sticky_enabled=\u00a0\u00bb0&Prime;]<div class=\"_df_book df-lite\" id=\"df_3231\"  _slug=\"extrait-du-livre-lart-de-lalignement-interieur-reveillez-votre-potentiel-sacre-grace-a-la-science-a-lenergie-et-a-la-spiritualite-de-nicolas-rl-pasqual-phd\" data-title=\"extrait-du-livre-lart-de-lalignement-interieur-reveillez-votre-potentiel-sacre-grace-a-la-science-a-lenergie-et-a-la-spiritualite-de-nicolas-rl-pasqual-phd\" wpoptions=\"true\" thumb=\"https:\/\/nicolaspasqual.fr\/wp-content\/uploads\/2025\/06\/Capture-decran-2025-06-07-a-14.05.02.png\" thumbtype=\"\" ><\/div><script class=\"df-shortcode-script\" nowprocket type=\"application\/javascript\">window.option_df_3231 = {\"outline\":[],\"autoEnableOutline\":\"false\",\"autoEnableThumbnail\":\"false\",\"overwritePDFOutline\":\"false\",\"enableDownload\":\"false\",\"backgroundImage\":\"https:\\\/\\\/nicolaspasqual.fr\\\/wp-content\\\/uploads\\\/2023\\\/04\\\/ciel-soleil-et-mer.png\",\"direction\":\"1\",\"pageSize\":\"0\",\"source\":\"https:\\\/\\\/nicolaspasqual.fr\\\/wp-content\\\/uploads\\\/2025\\\/06\\\/Extrait-LIVRE-1-ALIGNEMENT-Interieur-Nicolas-PASQUAL-PhD.pdf\",\"wpOptions\":\"true\"}; if(window.DFLIP && window.DFLIP.parseBooks){window.DFLIP.parseBooks();}<\/script>[\/et_pb_code][\/et_pb_column][\/et_pb_row][et_pb_row column_structure=\u00a0\u00bb1_2,1_2&Prime; _builder_version=\u00a0\u00bb4.17.4&Prime; _module_preset=\u00a0\u00bbdefault\u00a0\u00bb global_colors_info=\u00a0\u00bb{}\u00a0\u00bb][et_pb_column type=\u00a0\u00bb1_2&Prime; _builder_version=\u00a0\u00bb4.17.4&Prime; _module_preset=\u00a0\u00bbdefault\u00a0\u00bb global_colors_info=\u00a0\u00bb{}\u00a0\u00bb][et_pb_text _builder_version=\u00a0\u00bb4.17.4&Prime; _module_preset=\u00a0\u00bbdefault\u00a0\u00bb global_colors_info=\u00a0\u00bb{}\u00a0\u00bb]<\/p>\n<p style=\"text-align: center;\"><span style=\"color: #000000;\"><strong><a href=\"https:\/\/g.co\/kgs\/mmjs5nB\" target=\"_blank\" rel=\"noopener\" style=\"color: #000000;\">avis Google<\/a><\/strong><\/span><\/p>\n<p>[\/et_pb_text][\/et_pb_column][et_pb_column type=\u00a0\u00bb1_2&Prime; _builder_version=\u00a0\u00bb4.17.4&Prime; _module_preset=\u00a0\u00bbdefault\u00a0\u00bb global_colors_info=\u00a0\u00bb{}\u00a0\u00bb][et_pb_text _builder_version=\u00a0\u00bb4.27.4&Prime; _module_preset=\u00a0\u00bbdefault\u00a0\u00bb global_colors_info=\u00a0\u00bb{}\u00a0\u00bb]<\/p>\n<p style=\"text-align: center;\"><a href=\"https:\/\/www.resalib.fr\/praticien\/71461-dr-nicolas-pasqual-coach-de-vie-longevite-coach-en-bien-etre-voiron\" target=\"_blank\" rel=\"noopener\"><span style=\"color: #000000;\"><strong>avis Resalib.fr<\/strong><\/span><\/a><\/p>\n<p>[\/et_pb_text][\/et_pb_column][\/et_pb_row][\/et_pb_section]<\/p>\n","protected":false},"excerpt":{"rendered":"<p>Boutique M\u00e9ditations, Livres Alignement int\u00e9rieur, Confiance, Epig\u00e9n\u00e9tique du Bien-Etre, IKIGAI M\u00e9ditations coaching sur les th\u00e8mes : Respiration, Enracinement, Alignement int\u00e9rieur, diminution stress, relaxation, pur Lacher prise,\u00a0 \u00e9nergie positive, confiance en soi, s\u00e9r\u00e9nit\u00e9 douceur, amour, gratitude, r\u00e9g\u00e9n\u00e9ration, R\u00e9g\u00e9n\u00e9rescence, prosp\u00e9rit\u00e9, Epig\u00e9n\u00e9tique du Bien-Etre, deuils, paix transg\u00e9n\u00e9rationnelle, IKIGAI quantique, synchronicit\u00e9s, \u00e9volution en Conscience. &nbsp;<div class=\"_df_book df-lite\" id=\"df_3231\"  _slug=\"extrait-du-livre-lart-de-lalignement-interieur-reveillez-votre-potentiel-sacre-grace-a-la-science-a-lenergie-et-a-la-spiritualite-de-nicolas-rl-pasqual-phd\" data-title=\"extrait-du-livre-lart-de-lalignement-interieur-reveillez-votre-potentiel-sacre-grace-a-la-science-a-lenergie-et-a-la-spiritualite-de-nicolas-rl-pasqual-phd\" wpoptions=\"true\" thumb=\"https:\/\/nicolaspasqual.fr\/wp-content\/uploads\/2025\/06\/Capture-decran-2025-06-07-a-14.05.02.png\" thumbtype=\"\" ><\/div><script class=\"df-shortcode-script\" nowprocket type=\"application\/javascript\">window.option_df_3231 = {\"outline\":[],\"autoEnableOutline\":\"false\",\"autoEnableThumbnail\":\"false\",\"overwritePDFOutline\":\"false\",\"enableDownload\":\"false\",\"backgroundImage\":\"https:\\\/\\\/nicolaspasqual.fr\\\/wp-content\\\/uploads\\\/2023\\\/04\\\/ciel-soleil-et-mer.png\",\"direction\":\"1\",\"pageSize\":\"0\",\"source\":\"https:\\\/\\\/nicolaspasqual.fr\\\/wp-content\\\/uploads\\\/2025\\\/06\\\/Extrait-LIVRE-1-ALIGNEMENT-Interieur-Nicolas-PASQUAL-PhD.pdf\",\"wpOptions\":\"true\"}; if(window.DFLIP && window.DFLIP.parseBooks){window.DFLIP.parseBooks();}<\/script>avis Googleavis Resalib.fr<\/p>\n","protected":false},"author":1,"featured_media":0,"parent":0,"menu_order":0,"comment_status":"closed","ping_status":"closed","template":"","meta":{"_et_pb_use_builder":"on","_et_pb_old_content":"<!-- wp:paragraph -->\n<p>M\u00e9ditations coaching bien-\u00eatre, alignement int\u00e9rieur, diminution stress, \u00e9nergie positive, confiance relaxation s\u00e9r\u00e9nit\u00e9 douceur amour gratitude r\u00e9g\u00e9n\u00e9ration<\/p>\n<!-- \/wp:paragraph -->","_et_gb_content_width":"","footnotes":""},"class_list":["post-2357","page","type-page","status-publish","hentry"],"yoast_head":"<!-- This site is optimized with the Yoast SEO plugin v27.4 - https:\/\/yoast.com\/product\/yoast-seo-wordpress\/ -->\n<title>Boutique M\u00e9ditations \u00e9pig\u00e9n\u00e9tique Bien-\u00eatre - Nicolas Pasqual<\/title>\n<meta name=\"description\" content=\"M\u00e9ditation bien-\u00eatre transition anti stress confiance relaxation coh\u00e9rence cardiaque s\u00e9r\u00e9nit\u00e9 \u00e9nergie amour gratitude r\u00e9g\u00e9n\u00e9ration\" \/>\n<meta name=\"robots\" content=\"index, follow, max-snippet:-1, max-image-preview:large, max-video-preview:-1\" \/>\n<link rel=\"canonical\" href=\"https:\/\/nicolaspasqual.fr\/index.php\/boutique-meditation-bien-etre-anti-stress-transition-confiance-amour\/\" \/>\n<meta property=\"og:locale\" content=\"fr_FR\" \/>\n<meta property=\"og:type\" content=\"article\" \/>\n<meta property=\"og:title\" content=\"Boutique M\u00e9ditations \u00e9pig\u00e9n\u00e9tique Bien-\u00eatre - Nicolas Pasqual\" \/>\n<meta property=\"og:description\" content=\"M\u00e9ditation bien-\u00eatre transition anti stress confiance relaxation coh\u00e9rence cardiaque s\u00e9r\u00e9nit\u00e9 \u00e9nergie amour gratitude r\u00e9g\u00e9n\u00e9ration\" \/>\n<meta property=\"og:url\" content=\"https:\/\/nicolaspasqual.fr\/index.php\/boutique-meditation-bien-etre-anti-stress-transition-confiance-amour\/\" \/>\n<meta property=\"og:site_name\" content=\"Nicolas Pasqual\" \/>\n<meta property=\"article:modified_time\" content=\"2025-06-07T12:27:29+00:00\" \/>\n<meta name=\"twitter:card\" content=\"summary_large_image\" \/>\n<meta name=\"twitter:label1\" content=\"Dur\u00e9e de lecture estim\u00e9e\" \/>\n\t<meta name=\"twitter:data1\" content=\"2 minutes\" \/>\n<script type=\"application\/ld+json\" class=\"yoast-schema-graph\">{\"@context\":\"https:\\\/\\\/schema.org\",\"@graph\":[{\"@type\":\"WebPage\",\"@id\":\"https:\\\/\\\/nicolaspasqual.fr\\\/index.php\\\/boutique-meditation-bien-etre-anti-stress-transition-confiance-amour\\\/\",\"url\":\"https:\\\/\\\/nicolaspasqual.fr\\\/index.php\\\/boutique-meditation-bien-etre-anti-stress-transition-confiance-amour\\\/\",\"name\":\"Boutique M\u00e9ditations \u00e9pig\u00e9n\u00e9tique Bien-\u00eatre - Nicolas Pasqual\",\"isPartOf\":{\"@id\":\"https:\\\/\\\/nicolaspasqual.fr\\\/#website\"},\"datePublished\":\"2023-05-24T20:37:26+00:00\",\"dateModified\":\"2025-06-07T12:27:29+00:00\",\"description\":\"M\u00e9ditation bien-\u00eatre transition anti stress confiance relaxation coh\u00e9rence cardiaque s\u00e9r\u00e9nit\u00e9 \u00e9nergie amour gratitude r\u00e9g\u00e9n\u00e9ration\",\"breadcrumb\":{\"@id\":\"https:\\\/\\\/nicolaspasqual.fr\\\/index.php\\\/boutique-meditation-bien-etre-anti-stress-transition-confiance-amour\\\/#breadcrumb\"},\"inLanguage\":\"fr-FR\",\"potentialAction\":[{\"@type\":\"ReadAction\",\"target\":[\"https:\\\/\\\/nicolaspasqual.fr\\\/index.php\\\/boutique-meditation-bien-etre-anti-stress-transition-confiance-amour\\\/\"]}]},{\"@type\":\"BreadcrumbList\",\"@id\":\"https:\\\/\\\/nicolaspasqual.fr\\\/index.php\\\/boutique-meditation-bien-etre-anti-stress-transition-confiance-amour\\\/#breadcrumb\",\"itemListElement\":[{\"@type\":\"ListItem\",\"position\":1,\"name\":\"Accueil\",\"item\":\"https:\\\/\\\/nicolaspasqual.fr\\\/\"},{\"@type\":\"ListItem\",\"position\":2,\"name\":\"Boutique M\u00e9ditations \u00e9pig\u00e9n\u00e9tique Bien-\u00eatre\"}]},{\"@type\":\"WebSite\",\"@id\":\"https:\\\/\\\/nicolaspasqual.fr\\\/#website\",\"url\":\"https:\\\/\\\/nicolaspasqual.fr\\\/\",\"name\":\"Nicolas Pasqual\",\"description\":\"Vie int\u00e9grative\",\"publisher\":{\"@id\":\"https:\\\/\\\/nicolaspasqual.fr\\\/#organization\"},\"potentialAction\":[{\"@type\":\"SearchAction\",\"target\":{\"@type\":\"EntryPoint\",\"urlTemplate\":\"https:\\\/\\\/nicolaspasqual.fr\\\/?s={search_term_string}\"},\"query-input\":{\"@type\":\"PropertyValueSpecification\",\"valueRequired\":true,\"valueName\":\"search_term_string\"}}],\"inLanguage\":\"fr-FR\"},{\"@type\":\"Organization\",\"@id\":\"https:\\\/\\\/nicolaspasqual.fr\\\/#organization\",\"name\":\"Nicolas Pasqual\",\"url\":\"https:\\\/\\\/nicolaspasqual.fr\\\/\",\"logo\":{\"@type\":\"ImageObject\",\"inLanguage\":\"fr-FR\",\"@id\":\"https:\\\/\\\/nicolaspasqual.fr\\\/#\\\/schema\\\/logo\\\/image\\\/\",\"url\":\"https:\\\/\\\/nicolaspasqual.fr\\\/wp-content\\\/uploads\\\/2022\\\/07\\\/cropped-logo-seul-512px.jpg\",\"contentUrl\":\"https:\\\/\\\/nicolaspasqual.fr\\\/wp-content\\\/uploads\\\/2022\\\/07\\\/cropped-logo-seul-512px.jpg\",\"width\":512,\"height\":512,\"caption\":\"Nicolas Pasqual\"},\"image\":{\"@id\":\"https:\\\/\\\/nicolaspasqual.fr\\\/#\\\/schema\\\/logo\\\/image\\\/\"}}]}<\/script>\n<!-- \/ Yoast SEO plugin. -->","yoast_head_json":{"title":"Boutique M\u00e9ditations \u00e9pig\u00e9n\u00e9tique Bien-\u00eatre - Nicolas Pasqual","description":"M\u00e9ditation bien-\u00eatre transition anti stress confiance relaxation coh\u00e9rence cardiaque s\u00e9r\u00e9nit\u00e9 \u00e9nergie amour gratitude r\u00e9g\u00e9n\u00e9ration","robots":{"index":"index","follow":"follow","max-snippet":"max-snippet:-1","max-image-preview":"max-image-preview:large","max-video-preview":"max-video-preview:-1"},"canonical":"https:\/\/nicolaspasqual.fr\/index.php\/boutique-meditation-bien-etre-anti-stress-transition-confiance-amour\/","og_locale":"fr_FR","og_type":"article","og_title":"Boutique M\u00e9ditations \u00e9pig\u00e9n\u00e9tique Bien-\u00eatre - Nicolas Pasqual","og_description":"M\u00e9ditation bien-\u00eatre transition anti stress confiance relaxation coh\u00e9rence cardiaque s\u00e9r\u00e9nit\u00e9 \u00e9nergie amour gratitude r\u00e9g\u00e9n\u00e9ration","og_url":"https:\/\/nicolaspasqual.fr\/index.php\/boutique-meditation-bien-etre-anti-stress-transition-confiance-amour\/","og_site_name":"Nicolas Pasqual","article_modified_time":"2025-06-07T12:27:29+00:00","twitter_card":"summary_large_image","twitter_misc":{"Dur\u00e9e de lecture estim\u00e9e":"2 minutes"},"schema":{"@context":"https:\/\/schema.org","@graph":[{"@type":"WebPage","@id":"https:\/\/nicolaspasqual.fr\/index.php\/boutique-meditation-bien-etre-anti-stress-transition-confiance-amour\/","url":"https:\/\/nicolaspasqual.fr\/index.php\/boutique-meditation-bien-etre-anti-stress-transition-confiance-amour\/","name":"Boutique M\u00e9ditations \u00e9pig\u00e9n\u00e9tique Bien-\u00eatre - Nicolas Pasqual","isPartOf":{"@id":"https:\/\/nicolaspasqual.fr\/#website"},"datePublished":"2023-05-24T20:37:26+00:00","dateModified":"2025-06-07T12:27:29+00:00","description":"M\u00e9ditation bien-\u00eatre transition anti stress confiance relaxation coh\u00e9rence cardiaque s\u00e9r\u00e9nit\u00e9 \u00e9nergie amour gratitude r\u00e9g\u00e9n\u00e9ration","breadcrumb":{"@id":"https:\/\/nicolaspasqual.fr\/index.php\/boutique-meditation-bien-etre-anti-stress-transition-confiance-amour\/#breadcrumb"},"inLanguage":"fr-FR","potentialAction":[{"@type":"ReadAction","target":["https:\/\/nicolaspasqual.fr\/index.php\/boutique-meditation-bien-etre-anti-stress-transition-confiance-amour\/"]}]},{"@type":"BreadcrumbList","@id":"https:\/\/nicolaspasqual.fr\/index.php\/boutique-meditation-bien-etre-anti-stress-transition-confiance-amour\/#breadcrumb","itemListElement":[{"@type":"ListItem","position":1,"name":"Accueil","item":"https:\/\/nicolaspasqual.fr\/"},{"@type":"ListItem","position":2,"name":"Boutique M\u00e9ditations \u00e9pig\u00e9n\u00e9tique Bien-\u00eatre"}]},{"@type":"WebSite","@id":"https:\/\/nicolaspasqual.fr\/#website","url":"https:\/\/nicolaspasqual.fr\/","name":"Nicolas Pasqual","description":"Vie int\u00e9grative","publisher":{"@id":"https:\/\/nicolaspasqual.fr\/#organization"},"potentialAction":[{"@type":"SearchAction","target":{"@type":"EntryPoint","urlTemplate":"https:\/\/nicolaspasqual.fr\/?s={search_term_string}"},"query-input":{"@type":"PropertyValueSpecification","valueRequired":true,"valueName":"search_term_string"}}],"inLanguage":"fr-FR"},{"@type":"Organization","@id":"https:\/\/nicolaspasqual.fr\/#organization","name":"Nicolas Pasqual","url":"https:\/\/nicolaspasqual.fr\/","logo":{"@type":"ImageObject","inLanguage":"fr-FR","@id":"https:\/\/nicolaspasqual.fr\/#\/schema\/logo\/image\/","url":"https:\/\/nicolaspasqual.fr\/wp-content\/uploads\/2022\/07\/cropped-logo-seul-512px.jpg","contentUrl":"https:\/\/nicolaspasqual.fr\/wp-content\/uploads\/2022\/07\/cropped-logo-seul-512px.jpg","width":512,"height":512,"caption":"Nicolas Pasqual"},"image":{"@id":"https:\/\/nicolaspasqual.fr\/#\/schema\/logo\/image\/"}}]}},"jetpack_sharing_enabled":true,"_links":{"self":[{"href":"https:\/\/nicolaspasqual.fr\/index.php\/wp-json\/wp\/v2\/pages\/2357","targetHints":{"allow":["GET"]}}],"collection":[{"href":"https:\/\/nicolaspasqual.fr\/index.php\/wp-json\/wp\/v2\/pages"}],"about":[{"href":"https:\/\/nicolaspasqual.fr\/index.php\/wp-json\/wp\/v2\/types\/page"}],"author":[{"embeddable":true,"href":"https:\/\/nicolaspasqual.fr\/index.php\/wp-json\/wp\/v2\/users\/1"}],"replies":[{"embeddable":true,"href":"https:\/\/nicolaspasqual.fr\/index.php\/wp-json\/wp\/v2\/comments?post=2357"}],"version-history":[{"count":17,"href":"https:\/\/nicolaspasqual.fr\/index.php\/wp-json\/wp\/v2\/pages\/2357\/revisions"}],"predecessor-version":[{"id":3250,"href":"https:\/\/nicolaspasqual.fr\/index.php\/wp-json\/wp\/v2\/pages\/2357\/revisions\/3250"}],"wp:attachment":[{"href":"https:\/\/nicolaspasqual.fr\/index.php\/wp-json\/wp\/v2\/media?parent=2357"}],"curies":[{"name":"wp","href":"https:\/\/api.w.org\/{rel}","templated":true}]}}